{"id":2606,"date":"2021-10-03T15:33:26","date_gmt":"2021-10-03T15:33:26","guid":{"rendered":"http:\/\/ekonorba.lt\/?page_id=2606"},"modified":"2024-07-18T06:37:28","modified_gmt":"2024-07-18T06:37:28","slug":"apkrovu-lenteles","status":"publish","type":"page","link":"https:\/\/ekonorba.lt\/en\/apkrovu-lenteles\/","title":{"rendered":"Load tables"},"content":{"rendered":"\t\t<div data-elementor-type=\"wp-page\" data-elementor-id=\"2606\" class=\"elementor elementor-2606\">\n\t\t\t\t\t\t<section class=\"elementor-section elementor-top-section elementor-element elementor-element-d8151e0 elementor-section-full_width elementor-section-stretched elementor-section-height-default elementor-section-height-default\" data-id=\"d8151e0\" data-element_type=\"section\" data-e-type=\"section\" data-settings=\"{&quot;background_background&quot;:&quot;classic&quot;,&quot;stretch_section&quot;:&quot;section-stretched&quot;}\">\n\t\t\t\t\t\t\t<div class=\"elementor-background-overlay\"><\/div>\n\t\t\t\t\t\t\t<div class=\"elementor-container elementor-column-gap-default\">\n\t\t\t\t\t<div class=\"elementor-column elementor-col-100 elementor-top-column elementor-element elementor-element-751e708\" data-id=\"751e708\" data-element_type=\"column\" data-e-type=\"column\">\n\t\t\t<div class=\"elementor-widget-wrap elementor-element-populated\">\n\t\t\t\t\t\t<div class=\"elementor-element elementor-element-eee73b8 elementor-widget elementor-widget-heading\" data-id=\"eee73b8\" data-element_type=\"widget\" data-e-type=\"widget\" data-widget_type=\"heading.default\">\n\t\t\t\t<div class=\"elementor-widget-container\">\n\t\t\t\t\t<h2 class=\"elementor-heading-title elementor-size-default\">Apkrov\u0173 lentel\u0117s<\/h2>\t\t\t\t<\/div>\n\t\t\t\t<\/div>\n\t\t\t\t\t<\/div>\n\t\t<\/div>\n\t\t\t\t\t<\/div>\n\t\t<\/section>\n\t\t\t\t<section class=\"elementor-section elementor-top-section elementor-element elementor-element-b379327 elementor-section-full_width elementor-section-stretched elementor-section-height-default elementor-section-height-default\" data-id=\"b379327\" data-element_type=\"section\" data-e-type=\"section\" data-settings=\"{&quot;stretch_section&quot;:&quot;section-stretched&quot;}\">\n\t\t\t\t\t\t<div class=\"elementor-container elementor-column-gap-default\">\n\t\t\t\t\t<div class=\"elementor-column elementor-col-100 elementor-top-column elementor-element elementor-element-db4f9cf\" data-id=\"db4f9cf\" data-element_type=\"column\" data-e-type=\"column\">\n\t\t\t<div class=\"elementor-widget-wrap elementor-element-populated\">\n\t\t\t\t\t\t<div class=\"elementor-element elementor-element-396cc6b elementor-widget elementor-widget-image\" data-id=\"396cc6b\" data-element_type=\"widget\" data-e-type=\"widget\" data-widget_type=\"image.default\">\n\t\t\t\t<div class=\"elementor-widget-container\">\n\t\t\t\t\t\t\t\t\t\t\t\t\t\t\t<img fetchpriority=\"high\" decoding=\"async\" width=\"1929\" height=\"79\" src=\"https:\/\/ekonorba.lt\/wp-content\/uploads\/2019\/06\/graphic05-free-img.png\" class=\"attachment-full size-full wp-image-1342\" alt=\"\" srcset=\"https:\/\/ekonorba.lt\/wp-content\/uploads\/2019\/06\/graphic05-free-img.png 1929w, https:\/\/ekonorba.lt\/wp-content\/uploads\/2019\/06\/graphic05-free-img-600x25.png 600w, https:\/\/ekonorba.lt\/wp-content\/uploads\/2019\/06\/graphic05-free-img-300x12.png 300w, https:\/\/ekonorba.lt\/wp-content\/uploads\/2019\/06\/graphic05-free-img-1024x42.png 1024w, https:\/\/ekonorba.lt\/wp-content\/uploads\/2019\/06\/graphic05-free-img-768x31.png 768w, https:\/\/ekonorba.lt\/wp-content\/uploads\/2019\/06\/graphic05-free-img-1536x63.png 1536w\" sizes=\"(max-width: 1929px) 100vw, 1929px\" \/>\t\t\t\t\t\t\t\t\t\t\t\t\t\t\t<\/div>\n\t\t\t\t<\/div>\n\t\t\t\t\t<\/div>\n\t\t<\/div>\n\t\t\t\t\t<\/div>\n\t\t<\/section>\n\t\t\t\t<section class=\"elementor-section elementor-top-section elementor-element elementor-element-7e277995 elementor-section-boxed elementor-section-height-default elementor-section-height-default\" data-id=\"7e277995\" data-element_type=\"section\" data-e-type=\"section\">\n\t\t\t\t\t\t<div class=\"elementor-container elementor-column-gap-default\">\n\t\t\t\t\t<div class=\"elementor-column elementor-col-100 elementor-top-column elementor-element elementor-element-bfce188\" data-id=\"bfce188\" data-element_type=\"column\" data-e-type=\"column\">\n\t\t\t<div class=\"elementor-widget-wrap elementor-element-populated\">\n\t\t\t\t\t\t<div class=\"elementor-element elementor-element-1413dfe6 elementor-widget elementor-widget-text-editor\" data-id=\"1413dfe6\" data-element_type=\"widget\" data-e-type=\"widget\" data-widget_type=\"text-editor.default\">\n\t\t\t\t<div class=\"elementor-widget-container\">\n\t\t\t\t\t\t\t\t\t\n<figure class=\"wp-block-image size-large\"><img decoding=\"async\" width=\"1024\" height=\"424\" src=\"http:\/\/ekonorba.lt\/wp-content\/uploads\/2021\/11\/Apkrovu-lentele-Ekonorba-1024x424.png\" alt=\"\" class=\"wp-image-2814\" srcset=\"https:\/\/ekonorba.lt\/wp-content\/uploads\/2021\/11\/Apkrovu-lentele-Ekonorba-1024x424.png 1024w, https:\/\/ekonorba.lt\/wp-content\/uploads\/2021\/11\/Apkrovu-lentele-Ekonorba-300x124.png 300w, https:\/\/ekonorba.lt\/wp-content\/uploads\/2021\/11\/Apkrovu-lentele-Ekonorba-768x318.png 768w, https:\/\/ekonorba.lt\/wp-content\/uploads\/2021\/11\/Apkrovu-lentele-Ekonorba-600x249.png 600w, https:\/\/ekonorba.lt\/wp-content\/uploads\/2021\/11\/Apkrovu-lentele-Ekonorba.png 1248w\" sizes=\"(max-width: 1024px) 100vw, 1024px\" \/><\/figure>\n\n\n\n<p><strong>Apkrov\u0173 lentel\u0117s suvirintoms grotel\u0117ms &#8211; SP:<\/strong><\/p>\n\n\n\n<div class=\"wp-block-file\"><a id=\"wp-block-file--media-1bde3ba9-2f65-4461-b48d-57ff867d799e\" href=\"http:\/\/ekonorba.lt\/wp-content\/uploads\/2021\/06\/StacoloadtableSPtypeA1.pdf\">Virintu groteli\u0173 SP apkrov\u0173 lentel\u0117 (20&#215;3 &#8211; 40&#215;2)<\/a><a href=\"http:\/\/ekonorba.lt\/wp-content\/uploads\/2021\/06\/StacoloadtableSPtypeA1.pdf\" class=\"wp-block-file__button wp-element-button\" download aria-describedby=\"wp-block-file--media-1bde3ba9-2f65-4461-b48d-57ff867d799e\">Parsisi\u0173sti<\/a><\/div>\n\n\n\n<div class=\"wp-block-file\"><a id=\"wp-block-file--media-30f2e463-bc12-4995-b974-a0082a55589a\" href=\"http:\/\/ekonorba.lt\/wp-content\/uploads\/2021\/06\/StacoloadtableSPtypeA2.pdf\">Virintu groteli\u0173 SP apkrov\u0173 lentel\u0117 (40&#215;3 &#8211; 60&#215;5)<\/a><a href=\"http:\/\/ekonorba.lt\/wp-content\/uploads\/2021\/06\/StacoloadtableSPtypeA2.pdf\" class=\"wp-block-file__button wp-element-button\" download aria-describedby=\"wp-block-file--media-30f2e463-bc12-4995-b974-a0082a55589a\">Parsisi\u0173sti<\/a><\/div>\n\n\n\n<p class=\"has-small-font-size\"><strong>F<sub>v <\/sub><\/strong>= Maksimali paskirstyta apkrova [daN\/m<sup>2<\/sup>]<\/p>\n\n\n\n<p class=\"has-small-font-size\"><strong>f<sub>v<\/sub><\/strong> = I\u0161linkimas (cm) apkrovos F<sub>v <\/sub>atveju<\/p>\n\n\n\n<p class=\"has-small-font-size\"><strong>F<sub>p<\/sub><\/strong> = Maksimali koncentruota apkrova [daN] 200x200mm ta\u0161kui. <\/p>\n\n\n\n<p class=\"has-small-font-size\"><strong>f<sub>p<\/sub><\/strong> = I\u0161linkimas (cm) apkrovos F<sub>p <\/sub>atveju<\/p>\n\n\n\n<p><\/p>\n\n\n\n<p>\u012esp\u0117jimas!<\/p>\n\n\n\n<p>Visos apkrov\u0173 lentel\u0117s turi b\u016bti laikomos tik kaip pagalbin\u0117 priemon\u0117,  gamintojas neatsako u\u017e jos naudojim\u0105. Tiksl\u016bs apkrov\u0173 duomenys turi b\u016bti apskai\u010diuojami projektuotoj\u0173-konstruktori\u0173.<\/p>\n\t\t\t\t\t\t\t\t<\/div>\n\t\t\t\t<\/div>\n\t\t\t\t\t<\/div>\n\t\t<\/div>\n\t\t\t\t\t<\/div>\n\t\t<\/section>\n\t\t\t\t<section class=\"elementor-section elementor-top-section elementor-element elementor-element-7bc1d50 elementor-section-full_width elementor-section-stretched elementor-section-height-default elementor-section-height-default\" data-id=\"7bc1d50\" data-element_type=\"section\" data-e-type=\"section\" data-settings=\"{&quot;stretch_section&quot;:&quot;section-stretched&quot;}\">\n\t\t\t\t\t\t<div class=\"elementor-container elementor-column-gap-default\">\n\t\t\t\t\t<div class=\"elementor-column elementor-col-100 elementor-top-column elementor-element elementor-element-77ba906\" data-id=\"77ba906\" data-element_type=\"column\" data-e-type=\"column\">\n\t\t\t<div class=\"elementor-widget-wrap elementor-element-populated\">\n\t\t\t\t\t\t<div class=\"elementor-element elementor-element-3c629e6 elementor-widget elementor-widget-image\" data-id=\"3c629e6\" data-element_type=\"widget\" data-e-type=\"widget\" data-widget_type=\"image.default\">\n\t\t\t\t<div class=\"elementor-widget-container\">\n\t\t\t\t\t\t\t\t\t\t\t\t\t\t\t<img fetchpriority=\"high\" decoding=\"async\" width=\"1929\" height=\"79\" src=\"https:\/\/ekonorba.lt\/wp-content\/uploads\/2019\/06\/graphic05-free-img.png\" class=\"attachment-full size-full wp-image-1342\" alt=\"\" srcset=\"https:\/\/ekonorba.lt\/wp-content\/uploads\/2019\/06\/graphic05-free-img.png 1929w, https:\/\/ekonorba.lt\/wp-content\/uploads\/2019\/06\/graphic05-free-img-600x25.png 600w, https:\/\/ekonorba.lt\/wp-content\/uploads\/2019\/06\/graphic05-free-img-300x12.png 300w, https:\/\/ekonorba.lt\/wp-content\/uploads\/2019\/06\/graphic05-free-img-1024x42.png 1024w, https:\/\/ekonorba.lt\/wp-content\/uploads\/2019\/06\/graphic05-free-img-768x31.png 768w, https:\/\/ekonorba.lt\/wp-content\/uploads\/2019\/06\/graphic05-free-img-1536x63.png 1536w\" sizes=\"(max-width: 1929px) 100vw, 1929px\" \/>\t\t\t\t\t\t\t\t\t\t\t\t\t\t\t<\/div>\n\t\t\t\t<\/div>\n\t\t\t\t\t<\/div>\n\t\t<\/div>\n\t\t\t\t\t<\/div>\n\t\t<\/section>\n\t\t\t\t<\/div>\n\t\t","protected":false},"excerpt":{"rendered":"<p>Apkrov\u0173 lentel\u0117s Apkrov\u0173 lentel\u0117s suvirintoms grotel\u0117ms &#8211; SP: Fv = Maksimali paskirstyta apkrova [daN\/m2] fv = I\u0161linkimas (cm) apkrovos Fv atveju Fp = Maksimali koncentruota apkrova [daN] 200x200mm ta\u0161kui. fp = I\u0161linkimas (cm) apkrovos Fp atveju \u012esp\u0117jimas! Visos apkrov\u0173 lentel\u0117s turi b\u016bti laikomos tik kaip pagalbin\u0117 priemon\u0117, gamintojas neatsako u\u017e jos naudojim\u0105. Tiksl\u016bs apkrov\u0173 duomenys [&hellip;]<\/p>\n","protected":false},"author":1,"featured_media":0,"parent":0,"menu_order":0,"comment_status":"closed","ping_status":"closed","template":"elementor_header_footer","meta":{"_monsterinsights_skip_tracking":false,"_monsterinsights_sitenote_active":false,"_monsterinsights_sitenote_note":"","_monsterinsights_sitenote_category":0,"site-sidebar-layout":"default","site-content-layout":"default","ast-site-content-layout":"","site-content-style":"default","site-sidebar-style":"default","ast-global-header-display":"","ast-banner-title-visibility":"","ast-main-header-display":"","ast-hfb-above-header-display":"","ast-hfb-below-header-display":"","ast-hfb-mobile-header-display":"","site-post-title":"","ast-breadcrumbs-content":"","ast-featured-img":"","footer-sml-layout":"","theme-transparent-header-meta":"default","adv-header-id-meta":"","stick-header-meta":"","header-above-stick-meta":"","header-main-stick-meta":"","header-below-stick-meta":"","astra-migrate-meta-layouts":"default","ast-page-background-enabled":"default","ast-page-background-meta":{"desktop":{"background-color":"","background-image":"","background-repeat":"repeat","background-position":"center center","background-size":"auto","background-attachment":"scroll","background-type":"","background-media":"","overlay-type":"","overlay-color":"","overlay-opacity":"","overlay-gradient":""},"tablet":{"background-color":"","background-image":"","background-repeat":"repeat","background-position":"center center","background-size":"auto","background-attachment":"scroll","background-type":"","background-media":"","overlay-type":"","overlay-color":"","overlay-opacity":"","overlay-gradient":""},"mobile":{"background-color":"","background-image":"","background-repeat":"repeat","background-position":"center center","background-size":"auto","background-attachment":"scroll","background-type":"","background-media":"","overlay-type":"","overlay-color":"","overlay-opacity":"","overlay-gradient":""}},"ast-content-background-meta":{"desktop":{"background-color":"var(--ast-global-color-5)","background-image":"","background-repeat":"repeat","background-position":"center center","background-size":"auto","background-attachment":"scroll","background-type":"","background-media":"","overlay-type":"","overlay-color":"","overlay-opacity":"","overlay-gradient":""},"tablet":{"background-color":"var(--ast-global-color-5)","background-image":"","background-repeat":"repeat","background-position":"center center","background-size":"auto","background-attachment":"scroll","background-type":"","background-media":"","overlay-type":"","overlay-color":"","overlay-opacity":"","overlay-gradient":""},"mobile":{"background-color":"var(--ast-global-color-5)","background-image":"","background-repeat":"repeat","background-position":"center center","background-size":"auto","background-attachment":"scroll","background-type":"","background-media":"","overlay-type":"","overlay-color":"","overlay-opacity":"","overlay-gradient":""}},"footnotes":""},"class_list":["post-2606","page","type-page","status-publish","hentry"],"_links":{"self":[{"href":"https:\/\/ekonorba.lt\/en\/wp-json\/wp\/v2\/pages\/2606","targetHints":{"allow":["GET"]}}],"collection":[{"href":"https:\/\/ekonorba.lt\/en\/wp-json\/wp\/v2\/pages"}],"about":[{"href":"https:\/\/ekonorba.lt\/en\/wp-json\/wp\/v2\/types\/page"}],"author":[{"embeddable":true,"href":"https:\/\/ekonorba.lt\/en\/wp-json\/wp\/v2\/users\/1"}],"replies":[{"embeddable":true,"href":"https:\/\/ekonorba.lt\/en\/wp-json\/wp\/v2\/comments?post=2606"}],"version-history":[{"count":18,"href":"https:\/\/ekonorba.lt\/en\/wp-json\/wp\/v2\/pages\/2606\/revisions"}],"predecessor-version":[{"id":3289,"href":"https:\/\/ekonorba.lt\/en\/wp-json\/wp\/v2\/pages\/2606\/revisions\/3289"}],"wp:attachment":[{"href":"https:\/\/ekonorba.lt\/en\/wp-json\/wp\/v2\/media?parent=2606"}],"curies":[{"name":"wp","href":"https:\/\/api.w.org\/{rel}","templated":true}]}}