{"id":2934,"date":"2022-08-31T11:58:15","date_gmt":"2022-08-31T11:58:15","guid":{"rendered":"https:\/\/ekonorba.lt\/?page_id=2934"},"modified":"2022-08-31T11:58:15","modified_gmt":"2022-08-31T11:58:15","slug":"salygos-ir-taisykles","status":"publish","type":"page","link":"https:\/\/ekonorba.lt\/en\/salygos-ir-taisykles\/","title":{"rendered":"Elektroniniam lai\u0161kui taikomos atsakomyb\u0117s apribojimo s\u0105lygos"},"content":{"rendered":"<p>Informacija \u0161iame prane\u0161ime gali b\u016bti konfidenciali ir skirta tik asmeniui, kuriam yra adresuota. Jeigu J\u016bs \u0161\u012f prane\u0161im\u0105 gavote per klaid\u0105, pra\u0161ome nedelsiant j\u012f sunaikinti ir apie tai informuoti siunt\u0117j\u0105. J\u016bs negalite atskleisti \u0161iame prane\u0161ime esan\u010dios informacijos.<br>Informuojame, kad Ekonorba, MB n\u0117ra ir nebus saistoma rekomendacijomis, si\u016blymais ar reikalavimais d\u0117l preki\u0173 perpardavimo kain\u0173 ir kit\u0173 preki\u0173 perpardavimo s\u0105lyg\u0173 ir laisva valia bei savo nuo\u017ei\u016bra nustatys preki\u0173 perpardavimo kainas ir kitas pardavimo s\u0105lygas. Ekonorba, MB netoleruos bet kokio spaudimo ar skatinimo laikytis rekomendacij\u0173 ar si\u016blym\u0173 d\u0117l perpardavimo kain\u0173 ar kit\u0173 konkurencijos teis\u0117s draud\u017eiam\u0173 veiksm\u0173 ir nepalaikys toki\u0173 veiksm\u0173. Ekonorba, MB taip pat nepageidauja gauti jokios konkuruojan\u010di\u0173 \u016bkio subjekt\u0173 komerci\u0161kai jautrios informacijos, o j\u0105 gavusi, informacijos nevertins ir \u012f j\u0105 neatsi\u017evelgs.<br><br>This message contains information that may be privileged or confidential. It is intended only for the person to whom it is addressed. If you are not the intended recipient (or responsible for delivery of the message to such person), you are not authorized to read, print, retain, copy, disseminate, distribute, or use this message or any part thereof. If you receive this message in error, please notify the sender immediately and delete all copies of this message from your systems.<br>We hereby inform you that Ekonorba, MB is not and will not be bound by recommendations, suggestions or requests concerning resale prices or other resale conditions and will establish resale prices and other resale conditions on its free will and at its own discretion. Ekonorba, MB will not tolerate any pressure or incentives to follow recommendations or suggestions concerning resale prices or other actions prohibited by competition law and will not support such actions. Ekonorba, MB also is not willing to receive any commercially sensitive information of competing undertakings and upon receiving it will not assess and will not take such information into consideration.<\/p>","protected":false},"excerpt":{"rendered":"<p>Informacija \u0161iame prane\u0161ime gali b\u016bti konfidenciali ir skirta tik asmeniui, kuriam yra adresuota. Jeigu J\u016bs \u0161\u012f prane\u0161im\u0105 gavote per klaid\u0105, pra\u0161ome nedelsiant j\u012f sunaikinti ir apie tai informuoti siunt\u0117j\u0105. J\u016bs negalite atskleisti \u0161iame prane\u0161ime esan\u010dios informacijos.Informuojame, kad Ekonorba, MB n\u0117ra ir nebus saistoma rekomendacijomis, si\u016blymais ar reikalavimais d\u0117l preki\u0173 perpardavimo kain\u0173 ir kit\u0173 preki\u0173 perpardavimo [&hellip;]<\/p>\n","protected":false},"author":1,"featured_media":0,"parent":0,"menu_order":0,"comment_status":"closed","ping_status":"closed","template":"","meta":{"_monsterinsights_skip_tracking":false,"_monsterinsights_sitenote_active":false,"_monsterinsights_sitenote_note":"","_monsterinsights_sitenote_category":0,"site-sidebar-layout":"default","site-content-layout":"","ast-site-content-layout":"","site-content-style":"default","site-sidebar-style":"default","ast-global-header-display":"","ast-banner-title-visibility":"","ast-main-header-display":"","ast-hfb-above-header-display":"","ast-hfb-below-header-display":"","ast-hfb-mobile-header-display":"","site-post-title":"","ast-breadcrumbs-content":"","ast-featured-img":"","footer-sml-layout":"","theme-transparent-header-meta":"","adv-header-id-meta":"","stick-header-meta":"","header-above-stick-meta":"","header-main-stick-meta":"","header-below-stick-meta":"","astra-migrate-meta-layouts":"default","ast-page-background-enabled":"default","ast-page-background-meta":{"desktop":{"background-color":"","background-image":"","background-repeat":"repeat","background-position":"center center","background-size":"auto","background-attachment":"scroll","background-type":"","background-media":"","overlay-type":"","overlay-color":"","overlay-opacity":"","overlay-gradient":""},"tablet":{"background-color":"","background-image":"","background-repeat":"repeat","background-position":"center center","background-size":"auto","background-attachment":"scroll","background-type":"","background-media":"","overlay-type":"","overlay-color":"","overlay-opacity":"","overlay-gradient":""},"mobile":{"background-color":"","background-image":"","background-repeat":"repeat","background-position":"center center","background-size":"auto","background-attachment":"scroll","background-type":"","background-media":"","overlay-type":"","overlay-color":"","overlay-opacity":"","overlay-gradient":""}},"ast-content-background-meta":{"desktop":{"background-color":"var(--ast-global-color-5)","background-image":"","background-repeat":"repeat","background-position":"center center","background-size":"auto","background-attachment":"scroll","background-type":"","background-media":"","overlay-type":"","overlay-color":"","overlay-opacity":"","overlay-gradient":""},"tablet":{"background-color":"var(--ast-global-color-5)","background-image":"","background-repeat":"repeat","background-position":"center center","background-size":"auto","background-attachment":"scroll","background-type":"","background-media":"","overlay-type":"","overlay-color":"","overlay-opacity":"","overlay-gradient":""},"mobile":{"background-color":"var(--ast-global-color-5)","background-image":"","background-repeat":"repeat","background-position":"center center","background-size":"auto","background-attachment":"scroll","background-type":"","background-media":"","overlay-type":"","overlay-color":"","overlay-opacity":"","overlay-gradient":""}},"footnotes":""},"class_list":["post-2934","page","type-page","status-publish","hentry"],"_links":{"self":[{"href":"https:\/\/ekonorba.lt\/en\/wp-json\/wp\/v2\/pages\/2934","targetHints":{"allow":["GET"]}}],"collection":[{"href":"https:\/\/ekonorba.lt\/en\/wp-json\/wp\/v2\/pages"}],"about":[{"href":"https:\/\/ekonorba.lt\/en\/wp-json\/wp\/v2\/types\/page"}],"author":[{"embeddable":true,"href":"https:\/\/ekonorba.lt\/en\/wp-json\/wp\/v2\/users\/1"}],"replies":[{"embeddable":true,"href":"https:\/\/ekonorba.lt\/en\/wp-json\/wp\/v2\/comments?post=2934"}],"version-history":[{"count":1,"href":"https:\/\/ekonorba.lt\/en\/wp-json\/wp\/v2\/pages\/2934\/revisions"}],"predecessor-version":[{"id":2935,"href":"https:\/\/ekonorba.lt\/en\/wp-json\/wp\/v2\/pages\/2934\/revisions\/2935"}],"wp:attachment":[{"href":"https:\/\/ekonorba.lt\/en\/wp-json\/wp\/v2\/media?parent=2934"}],"curies":[{"name":"wp","href":"https:\/\/api.w.org\/{rel}","templated":true}]}}