{"id":2966,"date":"2022-09-06T14:28:14","date_gmt":"2022-09-06T14:28:14","guid":{"rendered":"https:\/\/ekonorba.lt\/?page_id=2966"},"modified":"2022-09-06T14:28:14","modified_gmt":"2022-09-06T14:28:14","slug":"bendrosios-prikimo-pardavimo-salygos","status":"publish","type":"page","link":"https:\/\/ekonorba.lt\/en\/bendrosios-prikimo-pardavimo-salygos\/","title":{"rendered":"EKONORBA, MB BENDROSIOS PREKI\u0172 IR PASLAUG\u0172 PIRKIMO &#8211; PARDAVIMO S\u0104LYGOS"},"content":{"rendered":"<p><strong>S\u0104VOKOS:<\/strong><\/p>\n\n\n\n<p><strong>Pardav\u0117jas<\/strong>&nbsp;yra Ma\u017eoji Bendrija \u201eEkonorba\u201c.<\/p>\n\n\n\n<p><strong>Pirk\u0117jas<\/strong>&nbsp;yra bet kuris fizinis arba juridinis asmuo, kuris perka arba parei\u0161kia nor\u0105 pirkti Pardav\u0117jo si\u016blomus gaminius arba paslaugas.<\/p>\n\n\n\n<p><strong>\u0160alys<\/strong>&nbsp;\u2013 tai Pardav\u0117jas ir Pirk\u0117jas kartu.<\/p>\n\n\n\n<p>Komercinio pasi\u016blymo terminai ir s\u0105lygos (<strong>Komercinis pasi\u016blymas<\/strong>), \u012fskaitant ir \u0161ias bendr\u0105sias pirkimo &#8211; pardavimo s\u0105lygas (<strong>Pardavimo s\u0105lygos<\/strong>), yra taikomi visiems Ekonorba, MB (<strong>Pardav\u0117jas<\/strong>) preki\u0173 ir paslaug\u0173 pardavimams (toliau \u2013&nbsp;<strong>Prek\u0117s<\/strong>), nebent&nbsp;<strong>\u0160alys<\/strong>&nbsp;ra\u0161tu susitart\u0173 kitaip.<br><br><\/p>\n\n\n\n<p>Esant prie\u0161taravimams tarp Komercinio pasi\u016blymo ir Pardavimo s\u0105lyg\u0173, taikomos Komercinio pasi\u016blymo nuostatos.<br><br><\/p>\n\n\n\n<p><strong>1.&nbsp;&nbsp;&nbsp; PRITARIMAS NURODYTOMS PARDAVIMO S\u0104LYGOMS<\/strong><\/p>\n\n\n\n<p>Komercinio pasi\u016blymo pateikimas ir jo pri\u0117mimas laikomas \u0161ali\u0173 susitarimu. Pirk\u0117jas (t.y. fizinis arba juridinis asmuo norintis pirkti ar perkantis Pardav\u0117jo Prekes) \u012fsipareigoja laikytis Komercinio pasi\u016blymo termin\u0173 ir s\u0105lyg\u0173, \u012fskaitant ir \u0161i\u0173 Pardavimo s\u0105lyg\u0173, ne v\u0117liau kaip prie\u0161 Komercinio pasi\u016blymo patvirtinim\u0105. Bet kokie Komercinio pasi\u016blymo termin\u0173 ir s\u0105lyg\u0173, \u012fskaitant ir \u0161ias Pardavimo s\u0105lygas, pakeitimai ir\/ar papildymai bus laikomi galiojan\u010diais tik tuo atveju, jeigu \u0161alys d\u0117l to susitars ra\u0161tu.<\/p>\n\n\n\n<p><strong>2.&nbsp;&nbsp;&nbsp; OBJEKTAS<\/strong><\/p>\n\n\n\n<p>Pardav\u0117jas \u012fsipareigoja perduoti Pirk\u0117jo nuosavybei Prekes, nurodytas Komerciniame pasi\u016blyme, o Pirk\u0117jas priimti ir apmok\u0117ti u\u017e jas.<br>Preki\u0173 pavadinimai, kiekis, asortimentas, kaina i\u0161vardinama Komerciniame pasi\u016blyme.<\/p>\n\n\n\n<p><strong>3.&nbsp;&nbsp;&nbsp; ATSISKAITYMO S\u0104LYGOS<\/strong><\/p>\n\n\n\n<p>Apmok\u0117jimas u\u017e Prekes vykdomas Eurais.<\/p>\n\n\n\n<p>Pilnas mok\u0117jimas u\u017e pateiktas Prekes turi b\u016bti atliktas ne v\u0117liau kaip per 30 (trisde\u0161imt) kalendorini\u0173 dien\u0173 po PVM s\u0105skaitos \u2013 fakt\u016bros i\u0161ra\u0161ymo datos. Laikoma, kad mok\u0117jimas yra atliktas, kai pinigai \u012fskaitomi \u012f Pardav\u0117jo banko s\u0105skait\u0105.<\/p>\n\n\n\n<p>Pardav\u0117jas i\u0161saugo Preki\u0173 nuosavyb\u0117s teis\u0119 iki visi\u0161ko apmok\u0117jimo u\u017e jas, ta\u010diau nuo Preki\u0173 perdavimo Pirk\u0117jui momento Pirk\u0117jas prisiima Preki\u0173 atsitiktinio \u017euvimo ar sugedimo rizik\u0105 ir atsako u\u017e Preki\u0173 praradim\u0105, tr\u016bkum\u0105 ar sugedim\u0105 visais atvejais, \u012fskaitant, kai tai \u012fvyko d\u0117l nenugalimos j\u0117gos.<\/p>\n\n\n\n<p>Jeigu d\u0117l galiojan\u010di\u0173 teis\u0117s akt\u0173 pasikeitimo padid\u0117ja Prek\u0117ms taikytinas prid\u0117tin\u0117s vert\u0117s mokestis, nustatomi ar padid\u0117ja kiti mokes\u010diai ar privalomi mok\u0117jimai, Preki\u0173 kaina perskai\u010diuojama prie u\u017esakymo\/susitarimo metu galiojan\u010dios kainos pridedant sum\u0105, atitinkan\u010di\u0105 padid\u0117jusius ar nustatytus mokes\u010dius ir kitus mok\u0117jimus.<\/p>\n\n\n\n<p><strong>4.&nbsp;&nbsp;&nbsp; PRISTATYMO S\u0104LYGOS<\/strong><\/p>\n\n\n\n<p>Preki\u0173 pristatymo terminas nurodytas Komerciniame pasi\u016blyme arba \u0161ali\u0173 suderinamas atskirai. Preki\u0173 pristatymo adresas \u2013 Komerciniame pasi\u016blyme nurodytas Pirk\u0117jo adresas, nebent Pirk\u0117jas ra\u0161tu nurodo kitaip.<br><br><\/p>\n\n\n\n<p>Pirk\u0117jas \u012fsipareigoja pristatytas Prekes priimti nedelsiant, o j\u0173 nepri\u0117mus, Pardav\u0117jas \u012fgyja teis\u0119 reikalauti Pirk\u0117jo atlyginti Preki\u0173 gabenimo, transporto prastovos ir Preki\u0173 saugojimo i\u0161laidas.<br><br><\/p>\n\n\n\n<p>Preki\u0173 kiek\u012f ir kokyb\u0119 Pirk\u0117jas turi patikrinti Preki\u0173 pri\u0117mimo momentu. Visas pastabas d\u0117l akivaizd\u017ei\u0173 tr\u016bkum\u0173 Pirk\u0117jas privalo pareik\u0161ti Preki\u0173 pri\u0117mimo metu. Pretenzijas d\u0117l pasl\u0117pt\u0173 Preki\u0173 tr\u016bkum\u0173 Pirk\u0117jas turi teis\u0119 pareik\u0161ti ne v\u0117liau kaip per 10 (de\u0161imt) kalendorini\u0173 dien\u0173 nuo Preki\u0173 pri\u0117mimo dienos, pateikdamas Pardav\u0117jui motyvuot\u0105 pretenzij\u0105 ra\u0161tu.<br><br><\/p>\n\n\n\n<p>Jei nustatomi Preki\u0173 defektai, atsirad\u0119 d\u0117l gamintojo ar Pardav\u0117jo kalt\u0117s, tuo atveju sura\u0161omas reklamacijos aktas ir \u0161ios Prek\u0117s pakei\u010diamos \u012f kokybi\u0161kas. Pirk\u0117jas neturi teis\u0117s gr\u0105\u017einti ar pakeisti Preki\u0173, i\u0161skyrus \u0161iame punkte numatyt\u0105 atvej\u012f, kai gr\u0105\u017einamos nekokybi\u0161kos Prek\u0117s.<br><br><\/p>\n\n\n\n<p>Pardav\u0117jas Prek\u0117ms suteikia 12 (dvylikos) m\u0117nesi\u0173 garantij\u0105 po \u012frengini\u0173 pripa\u017einimo tinkamais naudoti akto pasira\u0161ymo dienos, bet neilgiau kaip 18 m\u0117nesi\u0173 nuo i\u0161ve\u017eimo i\u0161 gamyklos.<br><br><\/p>\n\n\n\n<p>Garantiniu gedimu \u0161alys susitaria vadinti nekokybi\u0161kai funkcionuojan\u010dius Pardav\u0117jo pateiktus gaminius.<\/p>\n\n\n\n<p>Pardav\u0117jas n\u0117ra atsakingas ir garantija netaikoma nat\u016braliam Preki\u0173 nusid\u0117v\u0117jimui, taip pat defektams ar Preki\u0173 kokyb\u0117s pablog\u0117jimui, atsiradusiems d\u0117l gamtos stichij\u0173 poveikio ar Pirk\u0117jo personalo, tre\u010di\u0173j\u0173 asmen\u0173 veiksm\u0173, netinkamai transportuojant, laikant bei eksploatuojant Prekes, ar kitais veiksmais suk\u0117lus Preki\u0173 kokyb\u0117s pablog\u0117jim\u0105.<\/p>\n\n\n\n<p><strong>5.&nbsp;&nbsp;&nbsp; \u0160ALI\u0172 ATSAKOMYB\u0116<\/strong><\/p>\n\n\n\n<p>Pirk\u0117jas, laiku neatsiskait\u0119s u\u017e Prekes, moka 0,02% dyd\u017eio delspinigius nuo neapmok\u0117t\u0173 Preki\u0173 sumos u\u017e kiekvien\u0105 u\u017edelst\u0105 dien\u0105. Delspinigiai skai\u010diuojami u\u017e vis\u0105 laikotarp\u012f iki galutinio atsiskaitymo su Pardav\u0117ju.<\/p>\n\n\n\n<p>Pardav\u0117jui pa\u017eeidus Preki\u0173 pristatymo termin\u0105, Pirk\u0117jui pareikalavus, Pardav\u0117jas moka 0,02% dyd\u017eio delspinigius nuo laiku nepristatyt\u0173 Preki\u0173 sumos u\u017e kiekvien\u0105 u\u017edelst\u0105 dien\u0105, i\u0161skyrus, kai d\u0117l objektyvi\u0173 arba d\u0117l nuo Pardav\u0117jo nepriklausan\u010di\u0173 aplinkybi\u0173 Pardav\u0117jas negal\u0117jo laiku pristatyti Preki\u0173.<\/p>\n\n\n\n<p>Atsisakius pirkti Prekes po u\u017esakymo pateikimo, Pardav\u0117jui Pirk\u0117jas moka 80 % dyd\u017eio baud\u0105 nuo bendrosios sandorio sumos. Jeigu atsisakoma pirkti jau pagamint\u0105 Prek\u0119, Pirk\u0117jas moka 100 % dyd\u017eio baud\u0105 nuo bendrosios sandorio sumos.<\/p>\n\n\n\n<p>Pirk\u0117jas gali keisti ar tikslinti u\u017esakom\u0173 Preki\u0173 duomenis tik tuo atveju, jeigu jos neprad\u0117tos gaminti ir Pardav\u0117jas su tuo sutinka.<\/p>\n\n\n\n<p>Pardav\u0117jo atsakomyb\u0117 pagal \u0161\u012f susitarim\u0105 ribojama tiesioginiais Pirk\u0117jo nuostoliais, i\u0161skyrus atvejus, kai remiantis galiojan\u010diais Lietuvos Respublikos teis\u0117s aktais atsakomyb\u0117s ribojimas yra draud\u017eiamas.<\/p>\n\n\n\n<p><strong>6.&nbsp;&nbsp;&nbsp; KITOS S\u0104LYGOS<\/strong><\/p>\n\n\n\n<p>\u0160alys gali nutraukti \u0161\u012f susitarim\u0105 \u012fvykd\u017eiusios prisiimtus \u012fsipareigojimus. Taip pat susitarimas gali b\u016bti nutrauktas bet kurios i\u0161 \u0161ali\u0173 viena\u0161ali\u0161kai ir nesikreipiant \u012f teism\u0105, apie tai prie\u0161 10 (de\u0161imt) kalendorini\u0173 dien\u0173 informuojant kit\u0105 \u0161al\u012f, kai \u0161alis padar\u0117 esmin\u012f susitarimo pa\u017eeidim\u0105 ir nei\u0161tais\u0117 tokio pa\u017eeidimo per 15 (penkiolika) dien\u0173 nuo kitos \u0161alies reikalavimo i\u0161taisyti tok\u012f pa\u017eeidim\u0105 arba kitai \u0161aliai yra i\u0161kelta bankroto byla arba \u0161alis yra nemoki.<\/p>\n\n\n\n<p>Susitarimo nutraukimas neatleid\u017eia \u0161ali\u0173 nuo pilno atsiskaitymo ar nuostoli\u0173 atlyginimo. Susitarimas gali b\u016bti papildytas arba pakeistas ra\u0161ti\u0161ku \u0161ali\u0173 susitarimu.<\/p>\n\n\n\n<p>\u0160alys atleid\u017eiamos nuo atsakomyb\u0117s u\u017e \u0161io susitarimo ne\u012fvykdym\u0105, jeigu jos \u012frodo, kad susitarimas ne\u012fvykdytas d\u0117l aplinkybi\u0173, kuri\u0173 jos negal\u0117jo kontroliuoti bei protingai numatyti susitarimo sudarymo metu, ir kad negal\u0117jo u\u017ekirsti kelio \u0161i\u0173 aplinkybi\u0173 ir j\u0173 pasekmi\u0173 atsiradimui. Tokiomis aplinkyb\u0117mis nelaikomas finansini\u0173 i\u0161tekli\u0173 tr\u016bkumas.<\/p>\n\n\n\n<p>\u0160alys \u012fsipareigoja laikyti konfidencialia su susitarimu susijusi\u0105 informacij\u0105.<\/p>\n\n\n\n<p>\u0160iam susitarimui taikoma Lietuvos Respublikos teis\u0117. Gin\u010dai ir nesutarimai tarp \u0161ali\u0173 sprend\u017eiami deryb\u0173 b\u016bdu. Nesutarimo atveju \u0161alys perduoda spr\u0119sti gin\u010d\u0105 Lietuvos Respublikos teismui pagal Pardav\u0117jo buvein\u0117s viet\u0105.<\/p>\n\n\n\n<p>Bendrosios pirkimo &#8211; pardavimo s\u0105lygos&nbsp; \u012fsigalioja nuo 2021 m. spalio m\u0117n. 10 d.<\/p>\n\n\n\n<p>Internetin\u0117 nuoroda \u012f jas pateikiama komerciniuose pasi\u016blymuose bei puslapyje<\/p>","protected":false},"excerpt":{"rendered":"<p>S\u0104VOKOS: Pardav\u0117jas&nbsp;yra Ma\u017eoji Bendrija \u201eEkonorba\u201c. Pirk\u0117jas&nbsp;yra bet kuris fizinis arba juridinis asmuo, kuris perka arba parei\u0161kia nor\u0105 pirkti Pardav\u0117jo si\u016blomus gaminius arba paslaugas. \u0160alys&nbsp;\u2013 tai Pardav\u0117jas ir Pirk\u0117jas kartu. Komercinio pasi\u016blymo terminai ir s\u0105lygos (Komercinis pasi\u016blymas), \u012fskaitant ir \u0161ias bendr\u0105sias pirkimo &#8211; pardavimo s\u0105lygas (Pardavimo s\u0105lygos), yra taikomi visiems Ekonorba, MB (Pardav\u0117jas) preki\u0173 ir paslaug\u0173 [&hellip;]<\/p>\n","protected":false},"author":1,"featured_media":0,"parent":0,"menu_order":0,"comment_status":"closed","ping_status":"closed","template":"","meta":{"_monsterinsights_skip_tracking":false,"_monsterinsights_sitenote_active":false,"_monsterinsights_sitenote_note":"","_monsterinsights_sitenote_category":0,"site-sidebar-layout":"default","site-content-layout":"","ast-site-content-layout":"","site-content-style":"default","site-sidebar-style":"default","ast-global-header-display":"","ast-banner-title-visibility":"","ast-main-header-display":"","ast-hfb-above-header-display":"","ast-hfb-below-header-display":"","ast-hfb-mobile-header-display":"","site-post-title":"","ast-breadcrumbs-content":"","ast-featured-img":"","footer-sml-layout":"","theme-transparent-header-meta":"","adv-header-id-meta":"","stick-header-meta":"","header-above-stick-meta":"","header-main-stick-meta":"","header-below-stick-meta":"","astra-migrate-meta-layouts":"default","ast-page-background-enabled":"default","ast-page-background-meta":{"desktop":{"background-color":"","background-image":"","background-repeat":"repeat","background-position":"center center","background-size":"auto","background-attachment":"scroll","background-type":"","background-media":"","overlay-type":"","overlay-color":"","overlay-opacity":"","overlay-gradient":""},"tablet":{"background-color":"","background-image":"","background-repeat":"repeat","background-position":"center center","background-size":"auto","background-attachment":"scroll","background-type":"","background-media":"","overlay-type":"","overlay-color":"","overlay-opacity":"","overlay-gradient":""},"mobile":{"background-color":"","background-image":"","background-repeat":"repeat","background-position":"center center","background-size":"auto","background-attachment":"scroll","background-type":"","background-media":"","overlay-type":"","overlay-color":"","overlay-opacity":"","overlay-gradient":""}},"ast-content-background-meta":{"desktop":{"background-color":"var(--ast-global-color-5)","background-image":"","background-repeat":"repeat","background-position":"center center","background-size":"auto","background-attachment":"scroll","background-type":"","background-media":"","overlay-type":"","overlay-color":"","overlay-opacity":"","overlay-gradient":""},"tablet":{"background-color":"var(--ast-global-color-5)","background-image":"","background-repeat":"repeat","background-position":"center center","background-size":"auto","background-attachment":"scroll","background-type":"","background-media":"","overlay-type":"","overlay-color":"","overlay-opacity":"","overlay-gradient":""},"mobile":{"background-color":"var(--ast-global-color-5)","background-image":"","background-repeat":"repeat","background-position":"center center","background-size":"auto","background-attachment":"scroll","background-type":"","background-media":"","overlay-type":"","overlay-color":"","overlay-opacity":"","overlay-gradient":""}},"footnotes":""},"class_list":["post-2966","page","type-page","status-publish","hentry"],"_links":{"self":[{"href":"https:\/\/ekonorba.lt\/en\/wp-json\/wp\/v2\/pages\/2966","targetHints":{"allow":["GET"]}}],"collection":[{"href":"https:\/\/ekonorba.lt\/en\/wp-json\/wp\/v2\/pages"}],"about":[{"href":"https:\/\/ekonorba.lt\/en\/wp-json\/wp\/v2\/types\/page"}],"author":[{"embeddable":true,"href":"https:\/\/ekonorba.lt\/en\/wp-json\/wp\/v2\/users\/1"}],"replies":[{"embeddable":true,"href":"https:\/\/ekonorba.lt\/en\/wp-json\/wp\/v2\/comments?post=2966"}],"version-history":[{"count":1,"href":"https:\/\/ekonorba.lt\/en\/wp-json\/wp\/v2\/pages\/2966\/revisions"}],"predecessor-version":[{"id":2967,"href":"https:\/\/ekonorba.lt\/en\/wp-json\/wp\/v2\/pages\/2966\/revisions\/2967"}],"wp:attachment":[{"href":"https:\/\/ekonorba.lt\/en\/wp-json\/wp\/v2\/media?parent=2966"}],"curies":[{"name":"wp","href":"https:\/\/api.w.org\/{rel}","templated":true}]}}