{"id":3097,"date":"2022-11-04T15:05:21","date_gmt":"2022-11-04T15:05:21","guid":{"rendered":"https:\/\/ekonorba.lt\/?page_id=3097"},"modified":"2022-11-04T16:21:59","modified_gmt":"2022-11-04T16:21:59","slug":"apkrovu-lenteles5","status":"publish","type":"page","link":"https:\/\/ekonorba.lt\/en\/apkrovu-lenteles5\/","title":{"rendered":"Elementor #3097"},"content":{"rendered":"\t\t<div data-elementor-type=\"wp-page\" data-elementor-id=\"3097\" class=\"elementor elementor-3097\">\n\t\t\t\t\t\t<section class=\"elementor-section elementor-top-section elementor-element elementor-element-68a4d27 elementor-section-boxed elementor-section-height-default elementor-section-height-default\" data-id=\"68a4d27\" data-element_type=\"section\" data-e-type=\"section\" data-settings=\"{&quot;background_background&quot;:&quot;classic&quot;}\">\n\t\t\t\t\t\t<div class=\"elementor-container elementor-column-gap-default\">\n\t\t\t\t\t<div class=\"elementor-column elementor-col-100 elementor-top-column elementor-element elementor-element-910399c\" data-id=\"910399c\" data-element_type=\"column\" data-e-type=\"column\">\n\t\t\t<div class=\"elementor-widget-wrap elementor-element-populated\">\n\t\t\t\t\t\t<div class=\"elementor-element elementor-element-6e9930f elementor-widget elementor-widget-heading\" data-id=\"6e9930f\" data-element_type=\"widget\" data-e-type=\"widget\" data-widget_type=\"heading.default\">\n\t\t\t\t<div class=\"elementor-widget-container\">\n\t\t\t\t\t<h2 class=\"elementor-heading-title elementor-size-xl\">Apkrov\u0173 lentel\u0117s<\/h2>\t\t\t\t<\/div>\n\t\t\t\t<\/div>\n\t\t\t\t\t<\/div>\n\t\t<\/div>\n\t\t\t\t\t<\/div>\n\t\t<\/section>\n\t\t\t\t<section class=\"elementor-section elementor-top-section elementor-element elementor-element-833e829 elementor-section-full_width elementor-section-height-default elementor-section-height-default\" data-id=\"833e829\" data-element_type=\"section\" data-e-type=\"section\" data-settings=\"{&quot;background_background&quot;:&quot;classic&quot;}\">\n\t\t\t\t\t\t<div class=\"elementor-container elementor-column-gap-default\">\n\t\t\t\t\t<div class=\"elementor-column elementor-col-100 elementor-top-column elementor-element elementor-element-2a486b5\" data-id=\"2a486b5\" data-element_type=\"column\" data-e-type=\"column\">\n\t\t\t<div class=\"elementor-widget-wrap elementor-element-populated\">\n\t\t\t\t\t\t<div class=\"elementor-element elementor-element-fb85651 elementor-widget elementor-widget-image\" data-id=\"fb85651\" data-element_type=\"widget\" data-e-type=\"widget\" data-widget_type=\"image.default\">\n\t\t\t\t<div class=\"elementor-widget-container\">\n\t\t\t\t\t\t\t\t\t\t\t\t\t\t\t<img fetchpriority=\"high\" decoding=\"async\" width=\"1929\" height=\"79\" src=\"https:\/\/ekonorba.lt\/wp-content\/uploads\/2019\/06\/graphic05-free-img.png\" class=\"attachment-full size-full wp-image-1342\" alt=\"\" srcset=\"https:\/\/ekonorba.lt\/wp-content\/uploads\/2019\/06\/graphic05-free-img.png 1929w, https:\/\/ekonorba.lt\/wp-content\/uploads\/2019\/06\/graphic05-free-img-600x25.png 600w, https:\/\/ekonorba.lt\/wp-content\/uploads\/2019\/06\/graphic05-free-img-300x12.png 300w, https:\/\/ekonorba.lt\/wp-content\/uploads\/2019\/06\/graphic05-free-img-1024x42.png 1024w, https:\/\/ekonorba.lt\/wp-content\/uploads\/2019\/06\/graphic05-free-img-768x31.png 768w, https:\/\/ekonorba.lt\/wp-content\/uploads\/2019\/06\/graphic05-free-img-1536x63.png 1536w\" sizes=\"(max-width: 1929px) 100vw, 1929px\" \/>\t\t\t\t\t\t\t\t\t\t\t\t\t\t\t<\/div>\n\t\t\t\t<\/div>\n\t\t\t\t\t<\/div>\n\t\t<\/div>\n\t\t\t\t\t<\/div>\n\t\t<\/section>\n\t\t\t\t<section class=\"elementor-section elementor-top-section elementor-element elementor-element-462f6bb elementor-section-boxed elementor-section-height-default elementor-section-height-default\" data-id=\"462f6bb\" data-element_type=\"section\" data-e-type=\"section\">\n\t\t\t\t\t\t<div class=\"elementor-container elementor-column-gap-default\">\n\t\t\t\t\t<div class=\"elementor-column elementor-col-100 elementor-top-column elementor-element elementor-element-4ce8de8\" data-id=\"4ce8de8\" data-element_type=\"column\" data-e-type=\"column\">\n\t\t\t<div class=\"elementor-widget-wrap elementor-element-populated\">\n\t\t\t\t\t\t<div class=\"elementor-element elementor-element-67f75fa elementor-widget elementor-widget-image\" data-id=\"67f75fa\" data-element_type=\"widget\" data-e-type=\"widget\" data-widget_type=\"image.default\">\n\t\t\t\t<div class=\"elementor-widget-container\">\n\t\t\t\t\t\t\t\t\t\t\t\t\t\t\t<img decoding=\"async\" width=\"1024\" height=\"427\" src=\"https:\/\/ekonorba.lt\/wp-content\/uploads\/2022\/11\/Apkrovu-lentele-2-Ekonorba-1024x427.png\" class=\"attachment-large size-large wp-image-3099\" alt=\"\" srcset=\"https:\/\/ekonorba.lt\/wp-content\/uploads\/2022\/11\/Apkrovu-lentele-2-Ekonorba-1024x427.png 1024w, https:\/\/ekonorba.lt\/wp-content\/uploads\/2022\/11\/Apkrovu-lentele-2-Ekonorba-300x125.png 300w, https:\/\/ekonorba.lt\/wp-content\/uploads\/2022\/11\/Apkrovu-lentele-2-Ekonorba-768x320.png 768w, https:\/\/ekonorba.lt\/wp-content\/uploads\/2022\/11\/Apkrovu-lentele-2-Ekonorba-18x7.png 18w, https:\/\/ekonorba.lt\/wp-content\/uploads\/2022\/11\/Apkrovu-lentele-2-Ekonorba-600x250.png 600w, https:\/\/ekonorba.lt\/wp-content\/uploads\/2022\/11\/Apkrovu-lentele-2-Ekonorba.png 1402w\" sizes=\"(max-width: 1024px) 100vw, 1024px\" \/>\t\t\t\t\t\t\t\t\t\t\t\t\t\t\t<\/div>\n\t\t\t\t<\/div>\n\t\t\t\t\t<\/div>\n\t\t<\/div>\n\t\t\t\t\t<\/div>\n\t\t<\/section>\n\t\t\t\t<section class=\"elementor-section elementor-top-section elementor-element elementor-element-6299241 elementor-section-boxed elementor-section-height-default elementor-section-height-default\" data-id=\"6299241\" data-element_type=\"section\" data-e-type=\"section\">\n\t\t\t\t\t\t<div class=\"elementor-container elementor-column-gap-default\">\n\t\t\t\t\t<div class=\"elementor-column elementor-col-100 elementor-top-column elementor-element elementor-element-af8cf92\" data-id=\"af8cf92\" data-element_type=\"column\" data-e-type=\"column\">\n\t\t\t<div class=\"elementor-widget-wrap elementor-element-populated\">\n\t\t\t\t\t\t<div class=\"elementor-element elementor-element-d216f4d elementor-widget elementor-widget-text-editor\" data-id=\"d216f4d\" data-element_type=\"widget\" data-e-type=\"widget\" data-widget_type=\"text-editor.default\">\n\t\t\t\t<div class=\"elementor-widget-container\">\n\t\t\t\t\t\t\t\t\t<p style=\"font-size: 15px; font-style: normal; font-weight: 400;\"><span style=\"font-weight: bold;\">Apkrov\u0173 lentel\u0117s suvirintoms grotel\u0117ms \u2013 SP:<\/span><\/p><div><a href=\"https:\/\/ekonorba.lt\/wp-content\/uploads\/2021\/06\/StacoloadtableSPtypeA1.pdf\">Virintu groteli\u0173 SP apkrov\u0173 lentel\u0117 (20\u00d73 \u2013 40\u00d72)<\/a>\u00a0<a href=\"https:\/\/ekonorba.lt\/wp-content\/uploads\/2021\/06\/StacoloadtableSPtypeA1.pdf\" download=\"\" aria-describedby=\"wp-block-file--media-1bde3ba9-2f65-4461-b48d-57ff867d799e\">Parsisi\u0173sti<\/a><\/div><div><a href=\"https:\/\/ekonorba.lt\/wp-content\/uploads\/2021\/06\/StacoloadtableSPtypeA2.pdf\">Virintu groteli\u0173 SP apkrov\u0173 lentel\u0117 (40\u00d73 \u2013 60\u00d75)<\/a>\u00a0<a href=\"https:\/\/ekonorba.lt\/wp-content\/uploads\/2021\/06\/StacoloadtableSPtypeA2.pdf\" download=\"\" aria-describedby=\"wp-block-file--media-30f2e463-bc12-4995-b974-a0082a55589a\">Parsisi\u0173sti<\/a><br \/><br \/><\/div><p style=\"font-style: normal; font-weight: 400; font-size: var(--wp--preset--font-size--small)  !important;\"><span style=\"font-weight: bold;\">F<span style=\"font-size: 9.75px; line-height: 0; position: relative; vertical-align: baseline; bottom: -0.25em;\">v\u00a0<\/span><\/span>= Maksimali paskirstyta apkrova [daN\/m<span style=\"font-size: 9.75px; line-height: 0; position: relative; vertical-align: baseline; top: -0.5em;\">2<\/span>]<\/p><p style=\"font-style: normal; font-weight: 400; font-size: var(--wp--preset--font-size--small)  !important;\"><span style=\"font-weight: bold;\">f<span style=\"font-size: 9.75px; line-height: 0; position: relative; vertical-align: baseline; bottom: -0.25em;\">v<\/span><\/span>\u00a0= I\u0161linkimas (cm) apkrovos F<span style=\"font-size: 9.75px; line-height: 0; position: relative; vertical-align: baseline; bottom: -0.25em;\">v\u00a0<\/span>atveju<\/p><p style=\"font-style: normal; font-weight: 400; font-size: var(--wp--preset--font-size--small)  !important;\"><span style=\"font-weight: bold;\">F<span style=\"font-size: 9.75px; line-height: 0; position: relative; vertical-align: baseline; bottom: -0.25em;\">p<\/span><\/span>\u00a0= Maksimali koncentruota apkrova [daN] 200x200mm ta\u0161kui.<\/p><p style=\"font-style: normal; font-weight: 400; font-size: var(--wp--preset--font-size--small)  !important;\"><span style=\"font-weight: bold;\">f<span style=\"font-size: 9.75px; line-height: 0; position: relative; vertical-align: baseline; bottom: -0.25em;\">p<\/span><\/span>\u00a0= I\u0161linkimas (cm) apkrovos F<span style=\"font-size: 9.75px; line-height: 0; position: relative; vertical-align: baseline; bottom: -0.25em;\">p\u00a0<\/span>atveju<\/p><p style=\"font-style: normal; font-weight: 400; font-size: var(--wp--preset--font-size--small)  !important;\">\u00a0<\/p><p style=\"font-size: 15px; font-style: normal; font-weight: 400;\">\u00a0<\/p><p style=\"font-size: 15px; font-weight: 400; font-style: normal;\">\u012esp\u0117jimas!<\/p><p style=\"font-size: 15px; font-style: normal; font-weight: 400;\">Visos apkrov\u0173 lentel\u0117s turi b\u016bti laikomos tik kaip pagalbin\u0117 priemon\u0117, gamintojas neatsako u\u017e jos naudojim\u0105. Tiksl\u016bs apkrov\u0173 duomenys turi b\u016bti apskai\u010diuojami projektuotoj\u0173-konstruktori\u0173.<\/p>\t\t\t\t\t\t\t\t<\/div>\n\t\t\t\t<\/div>\n\t\t\t\t\t<\/div>\n\t\t<\/div>\n\t\t\t\t\t<\/div>\n\t\t<\/section>\n\t\t\t\t<section class=\"elementor-section elementor-top-section elementor-element elementor-element-4740697 elementor-section-full_width elementor-section-height-default elementor-section-height-default\" data-id=\"4740697\" data-element_type=\"section\" data-e-type=\"section\">\n\t\t\t\t\t\t<div class=\"elementor-container elementor-column-gap-default\">\n\t\t\t\t\t<div class=\"elementor-column elementor-col-100 elementor-top-column elementor-element elementor-element-4774bf7\" data-id=\"4774bf7\" data-element_type=\"column\" data-e-type=\"column\">\n\t\t\t<div class=\"elementor-widget-wrap elementor-element-populated\">\n\t\t\t\t\t\t<div class=\"elementor-element elementor-element-3e8ebb6 elementor-widget elementor-widget-image\" data-id=\"3e8ebb6\" data-element_type=\"widget\" data-e-type=\"widget\" data-widget_type=\"image.default\">\n\t\t\t\t<div class=\"elementor-widget-container\">\n\t\t\t\t\t\t\t\t\t\t\t\t\t\t\t<img fetchpriority=\"high\" decoding=\"async\" width=\"1929\" height=\"79\" src=\"https:\/\/ekonorba.lt\/wp-content\/uploads\/2019\/06\/graphic05-free-img.png\" class=\"attachment-full size-full wp-image-1342\" alt=\"\" srcset=\"https:\/\/ekonorba.lt\/wp-content\/uploads\/2019\/06\/graphic05-free-img.png 1929w, https:\/\/ekonorba.lt\/wp-content\/uploads\/2019\/06\/graphic05-free-img-600x25.png 600w, https:\/\/ekonorba.lt\/wp-content\/uploads\/2019\/06\/graphic05-free-img-300x12.png 300w, https:\/\/ekonorba.lt\/wp-content\/uploads\/2019\/06\/graphic05-free-img-1024x42.png 1024w, https:\/\/ekonorba.lt\/wp-content\/uploads\/2019\/06\/graphic05-free-img-768x31.png 768w, https:\/\/ekonorba.lt\/wp-content\/uploads\/2019\/06\/graphic05-free-img-1536x63.png 1536w\" sizes=\"(max-width: 1929px) 100vw, 1929px\" \/>\t\t\t\t\t\t\t\t\t\t\t\t\t\t\t<\/div>\n\t\t\t\t<\/div>\n\t\t\t\t\t<\/div>\n\t\t<\/div>\n\t\t\t\t\t<\/div>\n\t\t<\/section>\n\t\t\t\t<\/div>\n\t\t","protected":false},"excerpt":{"rendered":"<p>Apkrov\u0173 lentel\u0117s Apkrov\u0173 lentel\u0117s suvirintoms grotel\u0117ms \u2013 SP: Virintu groteli\u0173 SP apkrov\u0173 lentel\u0117 (20\u00d73 \u2013 40\u00d72)\u00a0Parsisi\u0173stiVirintu groteli\u0173 SP apkrov\u0173 lentel\u0117 (40\u00d73 \u2013 60\u00d75)\u00a0Parsisi\u0173sti Fv\u00a0= Maksimali paskirstyta apkrova [daN\/m2] fv\u00a0= I\u0161linkimas (cm) apkrovos Fv\u00a0atveju Fp\u00a0= Maksimali koncentruota apkrova [daN] 200x200mm ta\u0161kui. fp\u00a0= I\u0161linkimas (cm) apkrovos Fp\u00a0atveju \u00a0 \u00a0 \u012esp\u0117jimas! Visos apkrov\u0173 lentel\u0117s turi b\u016bti laikomos tik [&hellip;]<\/p>\n","protected":false},"author":1,"featured_media":0,"parent":0,"menu_order":0,"comment_status":"closed","ping_status":"closed","template":"elementor_header_footer","meta":{"_monsterinsights_skip_tracking":false,"_monsterinsights_sitenote_active":false,"_monsterinsights_sitenote_note":"","_monsterinsights_sitenote_category":0,"site-sidebar-layout":"no-sidebar","site-content-layout":"page-builder","ast-site-content-layout":"","site-content-style":"default","site-sidebar-style":"default","ast-global-header-display":"","ast-banner-title-visibility":"","ast-main-header-display":"","ast-hfb-above-header-display":"","ast-hfb-below-header-display":"","ast-hfb-mobile-header-display":"","site-post-title":"disabled","ast-breadcrumbs-content":"","ast-featured-img":"disabled","footer-sml-layout":"","theme-transparent-header-meta":"","adv-header-id-meta":"","stick-header-meta":"","header-above-stick-meta":"","header-main-stick-meta":"","header-below-stick-meta":"","astra-migrate-meta-layouts":"default","ast-page-background-enabled":"default","ast-page-background-meta":{"desktop":{"background-color":"","background-image":"","background-repeat":"repeat","background-position":"center center","background-size":"auto","background-attachment":"scroll","background-type":"","background-media":"","overlay-type":"","overlay-color":"","overlay-opacity":"","overlay-gradient":""},"tablet":{"background-color":"","background-image":"","background-repeat":"repeat","background-position":"center center","background-size":"auto","background-attachment":"scroll","background-type":"","background-media":"","overlay-type":"","overlay-color":"","overlay-opacity":"","overlay-gradient":""},"mobile":{"background-color":"","background-image":"","background-repeat":"repeat","background-position":"center center","background-size":"auto","background-attachment":"scroll","background-type":"","background-media":"","overlay-type":"","overlay-color":"","overlay-opacity":"","overlay-gradient":""}},"ast-content-background-meta":{"desktop":{"background-color":"var(--ast-global-color-5)","background-image":"","background-repeat":"repeat","background-position":"center center","background-size":"auto","background-attachment":"scroll","background-type":"","background-media":"","overlay-type":"","overlay-color":"","overlay-opacity":"","overlay-gradient":""},"tablet":{"background-color":"var(--ast-global-color-5)","background-image":"","background-repeat":"repeat","background-position":"center center","background-size":"auto","background-attachment":"scroll","background-type":"","background-media":"","overlay-type":"","overlay-color":"","overlay-opacity":"","overlay-gradient":""},"mobile":{"background-color":"var(--ast-global-color-5)","background-image":"","background-repeat":"repeat","background-position":"center center","background-size":"auto","background-attachment":"scroll","background-type":"","background-media":"","overlay-type":"","overlay-color":"","overlay-opacity":"","overlay-gradient":""}},"footnotes":""},"class_list":["post-3097","page","type-page","status-publish","hentry"],"_links":{"self":[{"href":"https:\/\/ekonorba.lt\/en\/wp-json\/wp\/v2\/pages\/3097","targetHints":{"allow":["GET"]}}],"collection":[{"href":"https:\/\/ekonorba.lt\/en\/wp-json\/wp\/v2\/pages"}],"about":[{"href":"https:\/\/ekonorba.lt\/en\/wp-json\/wp\/v2\/types\/page"}],"author":[{"embeddable":true,"href":"https:\/\/ekonorba.lt\/en\/wp-json\/wp\/v2\/users\/1"}],"replies":[{"embeddable":true,"href":"https:\/\/ekonorba.lt\/en\/wp-json\/wp\/v2\/comments?post=3097"}],"version-history":[{"count":16,"href":"https:\/\/ekonorba.lt\/en\/wp-json\/wp\/v2\/pages\/3097\/revisions"}],"predecessor-version":[{"id":3118,"href":"https:\/\/ekonorba.lt\/en\/wp-json\/wp\/v2\/pages\/3097\/revisions\/3118"}],"wp:attachment":[{"href":"https:\/\/ekonorba.lt\/en\/wp-json\/wp\/v2\/media?parent=3097"}],"curies":[{"name":"wp","href":"https:\/\/api.w.org\/{rel}","templated":true}]}}