{"id":3223,"date":"2024-07-04T06:06:06","date_gmt":"2024-07-04T06:06:06","guid":{"rendered":"https:\/\/ekonorba.lt\/?page_id=3223"},"modified":"2024-07-04T06:59:13","modified_gmt":"2024-07-04T06:59:13","slug":"stirpriausi-lietuvoje-2022-2024","status":"publish","type":"page","link":"https:\/\/ekonorba.lt\/en\/stirpriausi-lietuvoje-2022-2024\/","title":{"rendered":"Stirpriausi Lietuvoje 2022-2024 5"},"content":{"rendered":"<div data-elementor-type=\"wp-page\" data-elementor-id=\"3223\" class=\"elementor elementor-3223\">\n\t\t\t\t\t\t<section class=\"elementor-section elementor-top-section elementor-element elementor-element-e56ba4e elementor-section-full_width elementor-section-stretched elementor-section-height-default elementor-section-height-default\" data-id=\"e56ba4e\" data-element_type=\"section\" data-e-type=\"section\" data-settings=\"{&quot;stretch_section&quot;:&quot;section-stretched&quot;}\">\n\t\t\t\t\t\t<div class=\"elementor-container elementor-column-gap-default\">\n\t\t\t\t\t<div class=\"elementor-column elementor-col-100 elementor-top-column elementor-element elementor-element-f111e8d\" data-id=\"f111e8d\" data-element_type=\"column\" data-e-type=\"column\">\n\t\t\t<div class=\"elementor-widget-wrap elementor-element-populated\">\n\t\t\t\t\t\t<div class=\"elementor-element elementor-element-c3dcd72 elementor-widget elementor-widget-image\" data-id=\"c3dcd72\" data-element_type=\"widget\" data-e-type=\"widget\" data-widget_type=\"image.default\">\n\t\t\t\t<div class=\"elementor-widget-container\">\n\t\t\t\t\t\t\t\t\t\t\t\t\t\t\t<img fetchpriority=\"high\" decoding=\"async\" width=\"1929\" height=\"79\" src=\"https:\/\/ekonorba.lt\/wp-content\/uploads\/2019\/06\/graphic05-free-img.png\" class=\"attachment-full size-full wp-image-1342\" alt=\"\" srcset=\"https:\/\/ekonorba.lt\/wp-content\/uploads\/2019\/06\/graphic05-free-img.png 1929w, https:\/\/ekonorba.lt\/wp-content\/uploads\/2019\/06\/graphic05-free-img-600x25.png 600w, https:\/\/ekonorba.lt\/wp-content\/uploads\/2019\/06\/graphic05-free-img-300x12.png 300w, https:\/\/ekonorba.lt\/wp-content\/uploads\/2019\/06\/graphic05-free-img-1024x42.png 1024w, https:\/\/ekonorba.lt\/wp-content\/uploads\/2019\/06\/graphic05-free-img-768x31.png 768w, https:\/\/ekonorba.lt\/wp-content\/uploads\/2019\/06\/graphic05-free-img-1536x63.png 1536w\" sizes=\"(max-width: 1929px) 100vw, 1929px\" \/>\t\t\t\t\t\t\t\t\t\t\t\t\t\t\t<\/div>\n\t\t\t\t<\/div>\n\t\t\t\t\t<\/div>\n\t\t<\/div>\n\t\t\t\t\t<\/div>\n\t\t<\/section>\n\t\t\t\t<section class=\"elementor-section elementor-top-section elementor-element elementor-element-a35f0d4 elementor-section-boxed elementor-section-height-default elementor-section-height-default\" data-id=\"a35f0d4\" data-element_type=\"section\" data-e-type=\"section\">\n\t\t\t\t\t\t<div class=\"elementor-container elementor-column-gap-default\">\n\t\t\t\t\t<div class=\"elementor-column elementor-col-100 elementor-top-column elementor-element elementor-element-1cfcd08\" data-id=\"1cfcd08\" data-element_type=\"column\" data-e-type=\"column\">\n\t\t\t<div class=\"elementor-widget-wrap elementor-element-populated\">\n\t\t\t\t\t\t<div class=\"elementor-element elementor-element-4aca79e elementor-widget elementor-widget-heading\" data-id=\"4aca79e\" data-element_type=\"widget\" data-e-type=\"widget\" data-widget_type=\"heading.default\">\n\t\t\t\t<div class=\"elementor-widget-container\">\n\t\t\t\t\t<h2 class=\"elementor-heading-title elementor-size-default\">Strongest in Lithuania 2022-2024<br>\n<br>\n<br><\/h2>\t\t\t\t<\/div>\n\t\t\t\t<\/div>\n\t\t\t\t\t<\/div>\n\t\t<\/div>\n\t\t\t\t\t<\/div>\n\t\t<\/section>\n\t\t\t\t<section class=\"elementor-section elementor-top-section elementor-element elementor-element-057e2a9 elementor-section-boxed elementor-section-height-default elementor-section-height-default\" data-id=\"057e2a9\" data-element_type=\"section\" data-e-type=\"section\">\n\t\t\t\t\t\t<div class=\"elementor-container elementor-column-gap-default\">\n\t\t\t\t\t<div class=\"elementor-column elementor-col-100 elementor-top-column elementor-element elementor-element-c36d6bb\" data-id=\"c36d6bb\" data-element_type=\"column\" data-e-type=\"column\">\n\t\t\t<div class=\"elementor-widget-wrap elementor-element-populated\">\n\t\t\t\t\t\t<div class=\"elementor-element elementor-element-082b608 elementor-widget elementor-widget-text-editor\" data-id=\"082b608\" data-element_type=\"widget\" data-e-type=\"widget\" data-widget_type=\"text-editor.default\">\n\t\t\t\t<div class=\"elementor-widget-container\">\n\t\t\t\t\t\t\t\t\t<h3>Ekonorba, MB \u2013 Strongest in Lithuania for the Third Year in a Row!<\/h3><p>We are honoured to announce that Ekonorba, MB has been awarded the prestigious \"Strongest in Lithuania\" certificate for the third consecutive year! This award is not only a great achievement of our team, but also a confirmation that we are a reliable and financially stable company.<\/p>\t\t\t\t\t\t\t\t<\/div>\n\t\t\t\t<\/div>\n\t\t\t\t\t<\/div>\n\t\t<\/div>\n\t\t\t\t\t<\/div>\n\t\t<\/section>\n\t\t\t\t<section class=\"elementor-section elementor-top-section elementor-element elementor-element-19c5073 elementor-section-boxed elementor-section-height-default elementor-section-height-default\" data-id=\"19c5073\" data-element_type=\"section\" data-e-type=\"section\">\n\t\t\t\t\t\t<div class=\"elementor-container elementor-column-gap-default\">\n\t\t\t\t\t<div class=\"elementor-column elementor-col-100 elementor-top-column elementor-element elementor-element-a4ae61d\" data-id=\"a4ae61d\" data-element_type=\"column\" data-e-type=\"column\">\n\t\t\t<div class=\"elementor-widget-wrap elementor-element-populated\">\n\t\t\t\t\t\t<div class=\"elementor-element elementor-element-98a305a elementor-widget elementor-widget-image\" data-id=\"98a305a\" data-element_type=\"widget\" data-e-type=\"widget\" data-widget_type=\"image.default\">\n\t\t\t\t<div class=\"elementor-widget-container\">\n\t\t\t\t\t\t\t\t\t\t\t\t\t\t\t<img decoding=\"async\" width=\"811\" height=\"136\" src=\"https:\/\/ekonorba.lt\/wp-content\/uploads\/2024\/07\/Ekonorba-22-23-24-stipriausi-prematomas.png\" class=\"attachment-large size-large wp-image-3228\" alt=\"\" srcset=\"https:\/\/ekonorba.lt\/wp-content\/uploads\/2024\/07\/Ekonorba-22-23-24-stipriausi-prematomas.png 811w, https:\/\/ekonorba.lt\/wp-content\/uploads\/2024\/07\/Ekonorba-22-23-24-stipriausi-prematomas-300x50.png 300w, https:\/\/ekonorba.lt\/wp-content\/uploads\/2024\/07\/Ekonorba-22-23-24-stipriausi-prematomas-768x129.png 768w, https:\/\/ekonorba.lt\/wp-content\/uploads\/2024\/07\/Ekonorba-22-23-24-stipriausi-prematomas-18x3.png 18w, https:\/\/ekonorba.lt\/wp-content\/uploads\/2024\/07\/Ekonorba-22-23-24-stipriausi-prematomas-600x101.png 600w\" sizes=\"(max-width: 811px) 100vw, 811px\" \/>\t\t\t\t\t\t\t\t\t\t\t\t\t\t\t<\/div>\n\t\t\t\t<\/div>\n\t\t\t\t\t<\/div>\n\t\t<\/div>\n\t\t\t\t\t<\/div>\n\t\t<\/section>\n\t\t\t\t<section class=\"elementor-section elementor-top-section elementor-element elementor-element-cf56046 elementor-section-boxed elementor-section-height-default elementor-section-height-default\" data-id=\"cf56046\" data-element_type=\"section\" data-e-type=\"section\">\n\t\t\t\t\t\t<div class=\"elementor-container elementor-column-gap-default\">\n\t\t\t\t\t<div class=\"elementor-column elementor-col-100 elementor-top-column elementor-element elementor-element-7f637e2\" data-id=\"7f637e2\" data-element_type=\"column\" data-e-type=\"column\">\n\t\t\t<div class=\"elementor-widget-wrap elementor-element-populated\">\n\t\t\t\t\t\t<div class=\"elementor-element elementor-element-b5ec1f9 elementor-widget elementor-widget-text-editor\" data-id=\"b5ec1f9\" data-element_type=\"widget\" data-e-type=\"widget\" data-widget_type=\"text-editor.default\">\n\t\t\t\t<div class=\"elementor-widget-container\">\n\t\t\t\t\t\t\t\t\t<p>\u00a0<\/p><h4>What is the \"Strongest in Lithuania\" certificate?<\/h4><p>\"Strongest in Lithuania\" is a certificate awarded to financially sound Lithuanian companies, proving that the company has a good credit history. The certificate confirms that the company is reliable and highly likely to meet its financial obligations in the future. It reflects a company's good economic standing and financial performance, as well as its contribution to Lithuania's economic development and fair business culture. The \"Strongest in Lithuania\" certificate is an independent external confirmation of a company's credibility, which builds mutual trust, facilitates risk assessment and creates long-term value.<\/p><h4>Why is this important?<\/h4><p>The \"Strongest in Lithuania\" certificate is an independent external confirmation of a company's credibility. It helps ensure mutual trust, facilitates risk assessment and creates long-term value for both our clients and partners. This certification is important not only for us, but also for everyone we work with.<\/p>\t\t\t\t\t\t\t\t<\/div>\n\t\t\t\t<\/div>\n\t\t\t\t\t<\/div>\n\t\t<\/div>\n\t\t\t\t\t<\/div>\n\t\t<\/section>\n\t\t\t\t<section class=\"elementor-section elementor-top-section elementor-element elementor-element-615cb1f elementor-section-boxed elementor-section-height-default elementor-section-height-default\" data-id=\"615cb1f\" data-element_type=\"section\" data-e-type=\"section\">\n\t\t\t\t\t\t<div class=\"elementor-container elementor-column-gap-default\">\n\t\t\t\t\t<div class=\"elementor-column elementor-col-33 elementor-top-column elementor-element elementor-element-41bff2e\" data-id=\"41bff2e\" data-element_type=\"column\" data-e-type=\"column\">\n\t\t\t<div class=\"elementor-widget-wrap elementor-element-populated\">\n\t\t\t\t\t\t<div class=\"elementor-element elementor-element-14db273 elementor-widget elementor-widget-image\" data-id=\"14db273\" data-element_type=\"widget\" data-e-type=\"widget\" data-widget_type=\"image.default\">\n\t\t\t\t<div class=\"elementor-widget-container\">\n\t\t\t\t\t\t\t\t\t\t\t\t\t\t\t<img decoding=\"async\" src=\"https:\/\/ekonorba.lt\/wp-content\/uploads\/elementor\/thumbs\/Certificate-2023-03-15T163102.342-qqlo4a29hoafxziorbf0efz0da0uo5lgq44lpgpkxm.jpg\" title=\"Certificate &#8211; 2023-03-15T163102.342\" alt=\"Certificate - 2023-03-15T163102.342\" loading=\"lazy\" \/>\t\t\t\t\t\t\t\t\t\t\t\t\t\t\t<\/div>\n\t\t\t\t<\/div>\n\t\t\t\t\t<\/div>\n\t\t<\/div>\n\t\t\t\t<div class=\"elementor-column elementor-col-33 elementor-top-column elementor-element elementor-element-bdc11b9\" data-id=\"bdc11b9\" data-element_type=\"column\" data-e-type=\"column\">\n\t\t\t<div class=\"elementor-widget-wrap elementor-element-populated\">\n\t\t\t\t\t\t<div class=\"elementor-element elementor-element-683730f elementor-widget elementor-widget-image\" data-id=\"683730f\" data-element_type=\"widget\" data-e-type=\"widget\" data-widget_type=\"image.default\">\n\t\t\t\t<div class=\"elementor-widget-container\">\n\t\t\t\t\t\t\t\t\t\t\t\t\t\t\t<img decoding=\"async\" src=\"https:\/\/ekonorba.lt\/wp-content\/uploads\/2024\/07\/Certificate-2023-06-09T141855.869.jpg\" title=\"Certificate &#8211; 2023-06-09T141855.869\" alt=\"Certificate - 2023-06-09T141855.869\" loading=\"lazy\" \/>\t\t\t\t\t\t\t\t\t\t\t\t\t\t\t<\/div>\n\t\t\t\t<\/div>\n\t\t\t\t\t<\/div>\n\t\t<\/div>\n\t\t\t\t<div class=\"elementor-column elementor-col-33 elementor-top-column elementor-element elementor-element-011837c\" data-id=\"011837c\" data-element_type=\"column\" data-e-type=\"column\">\n\t\t\t<div class=\"elementor-widget-wrap elementor-element-populated\">\n\t\t\t\t\t\t<div class=\"elementor-element elementor-element-992a47d elementor-widget elementor-widget-image\" data-id=\"992a47d\" data-element_type=\"widget\" data-e-type=\"widget\" data-widget_type=\"image.default\">\n\t\t\t\t<div class=\"elementor-widget-container\">\n\t\t\t\t\t\t\t\t\t\t\t\t\t\t\t<img decoding=\"async\" src=\"https:\/\/ekonorba.lt\/wp-content\/uploads\/elementor\/thumbs\/Certificate-2024-06-11T103813.406-qqlnrn4dluznupvijurkvmrwusb76nfdnkdlfjg4pw.png\" title=\"Certificate &#8211; 2024-06-11T103813.406\" alt=\"Certificate - 2024-06-11T103813.406\" loading=\"lazy\" \/>\t\t\t\t\t\t\t\t\t\t\t\t\t\t\t<\/div>\n\t\t\t\t<\/div>\n\t\t\t\t\t<\/div>\n\t\t<\/div>\n\t\t\t\t\t<\/div>\n\t\t<\/section>\n\t\t\t\t<section class=\"elementor-section elementor-top-section elementor-element elementor-element-952a445 elementor-section-boxed elementor-section-height-default elementor-section-height-default\" data-id=\"952a445\" data-element_type=\"section\" data-e-type=\"section\">\n\t\t\t\t\t\t<div class=\"elementor-container elementor-column-gap-default\">\n\t\t\t\t\t<div class=\"elementor-column elementor-col-100 elementor-top-column elementor-element elementor-element-3d3b46c\" data-id=\"3d3b46c\" data-element_type=\"column\" data-e-type=\"column\">\n\t\t\t<div class=\"elementor-widget-wrap elementor-element-populated\">\n\t\t\t\t\t\t<div class=\"elementor-element elementor-element-195bdfd elementor-widget elementor-widget-text-editor\" data-id=\"195bdfd\" data-element_type=\"widget\" data-e-type=\"widget\" data-widget_type=\"text-editor.default\">\n\t\t\t\t<div class=\"elementor-widget-container\">\n\t\t\t\t\t\t\t\t\t<p>Thank you for your trust and cooperation! We will continue to strive for the highest quality and reliability.<\/p><p>If you have any questions or would like to know more about our services, please do not hesitate to contact us. We are always here to help!<\/p><p>Sincerely,<br \/>Ekonorba, MB Team<\/p>\t\t\t\t\t\t\t\t<\/div>\n\t\t\t\t<\/div>\n\t\t\t\t\t<\/div>\n\t\t<\/div>\n\t\t\t\t\t<\/div>\n\t\t<\/section>\n\t\t\t\t<section class=\"elementor-section elementor-top-section elementor-element elementor-element-2d54dd7 elementor-section-full_width elementor-section-stretched elementor-section-height-default elementor-section-height-default\" data-id=\"2d54dd7\" data-element_type=\"section\" data-e-type=\"section\" data-settings=\"{&quot;stretch_section&quot;:&quot;section-stretched&quot;}\">\n\t\t\t\t\t\t<div class=\"elementor-container elementor-column-gap-default\">\n\t\t\t\t\t<div class=\"elementor-column elementor-col-100 elementor-top-column elementor-element elementor-element-01124a0\" data-id=\"01124a0\" data-element_type=\"column\" data-e-type=\"column\">\n\t\t\t<div class=\"elementor-widget-wrap elementor-element-populated\">\n\t\t\t\t\t\t<div class=\"elementor-element elementor-element-4b31712 elementor-widget elementor-widget-image\" data-id=\"4b31712\" data-element_type=\"widget\" data-e-type=\"widget\" data-widget_type=\"image.default\">\n\t\t\t\t<div class=\"elementor-widget-container\">\n\t\t\t\t\t\t\t\t\t\t\t\t\t\t\t<img fetchpriority=\"high\" decoding=\"async\" width=\"1929\" height=\"79\" src=\"https:\/\/ekonorba.lt\/wp-content\/uploads\/2019\/06\/graphic05-free-img.png\" class=\"attachment-full size-full wp-image-1342\" alt=\"\" srcset=\"https:\/\/ekonorba.lt\/wp-content\/uploads\/2019\/06\/graphic05-free-img.png 1929w, https:\/\/ekonorba.lt\/wp-content\/uploads\/2019\/06\/graphic05-free-img-600x25.png 600w, https:\/\/ekonorba.lt\/wp-content\/uploads\/2019\/06\/graphic05-free-img-300x12.png 300w, https:\/\/ekonorba.lt\/wp-content\/uploads\/2019\/06\/graphic05-free-img-1024x42.png 1024w, https:\/\/ekonorba.lt\/wp-content\/uploads\/2019\/06\/graphic05-free-img-768x31.png 768w, https:\/\/ekonorba.lt\/wp-content\/uploads\/2019\/06\/graphic05-free-img-1536x63.png 1536w\" sizes=\"(max-width: 1929px) 100vw, 1929px\" \/>\t\t\t\t\t\t\t\t\t\t\t\t\t\t\t<\/div>\n\t\t\t\t<\/div>\n\t\t\t\t\t<\/div>\n\t\t<\/div>\n\t\t\t\t\t<\/div>\n\t\t<\/section>\n\t\t\t\t<\/div>","protected":false},"excerpt":{"rendered":"<p>Stipriausi Lietuvoje 2022-2024 Ekonorba, MB &#8211; Stipriausi Lietuvoje Tre\u010dius Metus I\u0161 Eil\u0117s! Mums didel\u0117 garb\u0117 prane\u0161ti, kad jau tre\u010dius metus i\u0161 eil\u0117s \u201eEkonorba, MB\u201c yra apdovanota presti\u017einiu \u201eStipriausi Lietuvoje\u201c sertifikatu! \u0160is apdovanojimas yra ne tik didelis m\u016bs\u0173 komandos pasiekimas, bet ir patvirtinimas, kad mes esame patikima ir finansi\u0161kai stabili \u012fmon\u0117. \u00a0 Kas yra \u201eStipriausi Lietuvoje\u201c [&hellip;]<\/p>\n","protected":false},"author":1,"featured_media":0,"parent":0,"menu_order":0,"comment_status":"closed","ping_status":"closed","template":"","meta":{"_monsterinsights_skip_tracking":false,"_monsterinsights_sitenote_active":false,"_monsterinsights_sitenote_note":"","_monsterinsights_sitenote_category":0,"site-sidebar-layout":"default","site-content-layout":"default","ast-site-content-layout":"","site-content-style":"default","site-sidebar-style":"default","ast-global-header-display":"","ast-banner-title-visibility":"","ast-main-header-display":"disabled","ast-hfb-above-header-display":"","ast-hfb-below-header-display":"","ast-hfb-mobile-header-display":"","site-post-title":"disabled","ast-breadcrumbs-content":"","ast-featured-img":"","footer-sml-layout":"","theme-transparent-header-meta":"default","adv-header-id-meta":"","stick-header-meta":"","header-above-stick-meta":"","header-main-stick-meta":"","header-below-stick-meta":"","astra-migrate-meta-layouts":"default","ast-page-background-enabled":"default","ast-page-background-meta":{"desktop":{"background-color":"","background-image":"","background-repeat":"repeat","background-position":"center center","background-size":"auto","background-attachment":"scroll","background-type":"","background-media":"","overlay-type":"","overlay-color":"","overlay-opacity":"","overlay-gradient":""},"tablet":{"background-color":"","background-image":"","background-repeat":"repeat","background-position":"center center","background-size":"auto","background-attachment":"scroll","background-type":"","background-media":"","overlay-type":"","overlay-color":"","overlay-opacity":"","overlay-gradient":""},"mobile":{"background-color":"","background-image":"","background-repeat":"repeat","background-position":"center center","background-size":"auto","background-attachment":"scroll","background-type":"","background-media":"","overlay-type":"","overlay-color":"","overlay-opacity":"","overlay-gradient":""}},"ast-content-background-meta":{"desktop":{"background-color":"var(--ast-global-color-5)","background-image":"","background-repeat":"repeat","background-position":"center center","background-size":"auto","background-attachment":"scroll","background-type":"","background-media":"","overlay-type":"","overlay-color":"","overlay-opacity":"","overlay-gradient":""},"tablet":{"background-color":"var(--ast-global-color-5)","background-image":"","background-repeat":"repeat","background-position":"center center","background-size":"auto","background-attachment":"scroll","background-type":"","background-media":"","overlay-type":"","overlay-color":"","overlay-opacity":"","overlay-gradient":""},"mobile":{"background-color":"var(--ast-global-color-5)","background-image":"","background-repeat":"repeat","background-position":"center center","background-size":"auto","background-attachment":"scroll","background-type":"","background-media":"","overlay-type":"","overlay-color":"","overlay-opacity":"","overlay-gradient":""}},"footnotes":""},"class_list":["post-3223","page","type-page","status-publish","hentry"],"_links":{"self":[{"href":"https:\/\/ekonorba.lt\/en\/wp-json\/wp\/v2\/pages\/3223","targetHints":{"allow":["GET"]}}],"collection":[{"href":"https:\/\/ekonorba.lt\/en\/wp-json\/wp\/v2\/pages"}],"about":[{"href":"https:\/\/ekonorba.lt\/en\/wp-json\/wp\/v2\/types\/page"}],"author":[{"embeddable":true,"href":"https:\/\/ekonorba.lt\/en\/wp-json\/wp\/v2\/users\/1"}],"replies":[{"embeddable":true,"href":"https:\/\/ekonorba.lt\/en\/wp-json\/wp\/v2\/comments?post=3223"}],"version-history":[{"count":9,"href":"https:\/\/ekonorba.lt\/en\/wp-json\/wp\/v2\/pages\/3223\/revisions"}],"predecessor-version":[{"id":3258,"href":"https:\/\/ekonorba.lt\/en\/wp-json\/wp\/v2\/pages\/3223\/revisions\/3258"}],"wp:attachment":[{"href":"https:\/\/ekonorba.lt\/en\/wp-json\/wp\/v2\/media?parent=3223"}],"curies":[{"name":"wp","href":"https:\/\/api.w.org\/{rel}","templated":true}]}}