{"id":3238,"date":"2024-07-04T06:21:13","date_gmt":"2024-07-04T06:21:13","guid":{"rendered":"https:\/\/ekonorba.lt\/?page_id=3238"},"modified":"2024-07-04T07:52:08","modified_gmt":"2024-07-04T07:52:08","slug":"stipriausi-lietuvoje-2022-2024","status":"publish","type":"page","link":"https:\/\/ekonorba.lt\/en\/stipriausi-lietuvoje-2022-2024\/","title":{"rendered":"Strongest in Lithuania 2022-2024"},"content":{"rendered":"<div data-elementor-type=\"wp-post\" data-elementor-id=\"3238\" class=\"elementor elementor-3238\">\n\t\t\t\t\t\t<section class=\"elementor-section elementor-top-section elementor-element elementor-element-7af1913 elementor-section-content-middle elementor-section-full_width elementor-section-stretched elementor-section-height-default elementor-section-height-default\" data-id=\"7af1913\" data-element_type=\"section\" data-e-type=\"section\" data-settings=\"{&quot;background_background&quot;:&quot;gradient&quot;,&quot;stretch_section&quot;:&quot;section-stretched&quot;}\">\n\t\t\t\t\t\t\t<div class=\"elementor-background-overlay\"><\/div>\n\t\t\t\t\t\t\t<div class=\"elementor-container elementor-column-gap-default\">\n\t\t\t\t\t<div class=\"elementor-column elementor-col-100 elementor-top-column elementor-element elementor-element-784f689\" data-id=\"784f689\" data-element_type=\"column\" data-e-type=\"column\">\n\t\t\t<div class=\"elementor-widget-wrap elementor-element-populated\">\n\t\t\t\t\t\t<div class=\"elementor-element elementor-element-d527d38 elementor-widget elementor-widget-image\" data-id=\"d527d38\" data-element_type=\"widget\" data-e-type=\"widget\" data-widget_type=\"image.default\">\n\t\t\t\t<div class=\"elementor-widget-container\">\n\t\t\t\t\t\t\t\t\t\t\t\t\t\t\t<img fetchpriority=\"high\" decoding=\"async\" width=\"811\" height=\"136\" src=\"https:\/\/ekonorba.lt\/wp-content\/uploads\/2024\/07\/Ekonorba-22-23-24-stipriausi-prematomas.png\" class=\"attachment-1536x1536 size-1536x1536 wp-image-3228\" alt=\"\" srcset=\"https:\/\/ekonorba.lt\/wp-content\/uploads\/2024\/07\/Ekonorba-22-23-24-stipriausi-prematomas.png 811w, https:\/\/ekonorba.lt\/wp-content\/uploads\/2024\/07\/Ekonorba-22-23-24-stipriausi-prematomas-300x50.png 300w, https:\/\/ekonorba.lt\/wp-content\/uploads\/2024\/07\/Ekonorba-22-23-24-stipriausi-prematomas-768x129.png 768w, https:\/\/ekonorba.lt\/wp-content\/uploads\/2024\/07\/Ekonorba-22-23-24-stipriausi-prematomas-18x3.png 18w, https:\/\/ekonorba.lt\/wp-content\/uploads\/2024\/07\/Ekonorba-22-23-24-stipriausi-prematomas-600x101.png 600w\" sizes=\"(max-width: 811px) 100vw, 811px\" \/>\t\t\t\t\t\t\t\t\t\t\t\t\t\t\t<\/div>\n\t\t\t\t<\/div>\n\t\t\t\t<div class=\"elementor-element elementor-element-0d33147 elementor-widget elementor-widget-heading\" data-id=\"0d33147\" data-element_type=\"widget\" data-e-type=\"widget\" data-widget_type=\"heading.default\">\n\t\t\t\t<div class=\"elementor-widget-container\">\n\t\t\t\t\t<h1 class=\"elementor-heading-title elementor-size-default\">Strongest in Lithuania <br> 2022-2024<\/h1>\t\t\t\t<\/div>\n\t\t\t\t<\/div>\n\t\t\t\t\t<\/div>\n\t\t<\/div>\n\t\t\t\t\t<\/div>\n\t\t<\/section>\n\t\t\t\t<section class=\"elementor-section elementor-top-section elementor-element elementor-element-a694c62 elementor-section-boxed elementor-section-height-default elementor-section-height-default\" data-id=\"a694c62\" data-element_type=\"section\" data-e-type=\"section\">\n\t\t\t\t\t\t<div class=\"elementor-container elementor-column-gap-default\">\n\t\t\t\t\t<div class=\"elementor-column elementor-col-100 elementor-top-column elementor-element elementor-element-6325ec4\" data-id=\"6325ec4\" data-element_type=\"column\" data-e-type=\"column\">\n\t\t\t<div class=\"elementor-widget-wrap elementor-element-populated\">\n\t\t\t\t\t\t<div class=\"elementor-element elementor-element-0ddb493 elementor-widget elementor-widget-text-editor\" data-id=\"0ddb493\" data-element_type=\"widget\" data-e-type=\"widget\" data-widget_type=\"text-editor.default\">\n\t\t\t\t<div class=\"elementor-widget-container\">\n\t\t\t\t\t\t\t\t\t<h4><strong>Ekonorba, MB \u2013 Strongest in Lithuania for the Third Year in a Row!<\/strong><\/h4><p>We are honoured to announce that Ekonorba, MB has been awarded the prestigious \"Strongest in Lithuania\" certificate for the third consecutive year! This award is not only a great achievement of our team, but also a confirmation that we are a reliable and financially stable company.<\/p><h4><strong>What is the \"Strongest in Lithuania\" certificate?<\/strong><\/h4><p>\"Strongest in Lithuania\" is a certificate awarded to financially sound Lithuanian companies, proving that the company has a good credit history. The certificate confirms that the company is reliable and highly likely to meet its financial obligations in the future. It reflects a company's good economic standing and financial performance, as well as its contribution to Lithuania's economic development and fair business culture. The \"Strongest in Lithuania\" certificate is an independent external confirmation of a company's credibility, which builds mutual trust, facilitates risk assessment and creates long-term value.<\/p><h4><strong>Why is this important?<\/strong><\/h4><p>The \"Strongest in Lithuania\" certificate is an independent external confirmation of a company's credibility. It helps ensure mutual trust, facilitates risk assessment and creates long-term value for both our clients and partners. This certification is important not only for us, but also for everyone we work with.<\/p>\t\t\t\t\t\t\t\t<\/div>\n\t\t\t\t<\/div>\n\t\t\t\t\t<\/div>\n\t\t<\/div>\n\t\t\t\t\t<\/div>\n\t\t<\/section>\n\t\t\t\t<section class=\"elementor-section elementor-top-section elementor-element elementor-element-7fbe867 elementor-section-boxed elementor-section-height-default elementor-section-height-default\" data-id=\"7fbe867\" data-element_type=\"section\" data-e-type=\"section\">\n\t\t\t\t\t\t<div class=\"elementor-container elementor-column-gap-default\">\n\t\t\t\t\t<div class=\"elementor-column elementor-col-33 elementor-top-column elementor-element elementor-element-ea2fa28\" data-id=\"ea2fa28\" data-element_type=\"column\" data-e-type=\"column\">\n\t\t\t<div class=\"elementor-widget-wrap elementor-element-populated\">\n\t\t\t\t\t\t<div class=\"elementor-element elementor-element-66d0cd7 elementor-widget elementor-widget-image\" data-id=\"66d0cd7\" data-element_type=\"widget\" data-e-type=\"widget\" data-widget_type=\"image.default\">\n\t\t\t\t<div class=\"elementor-widget-container\">\n\t\t\t\t\t\t\t\t\t\t\t\t\t\t\t<img decoding=\"async\" src=\"https:\/\/ekonorba.lt\/wp-content\/uploads\/elementor\/thumbs\/Certificate-2024-06-11T103813.406-qqlnrn4dluznupvijurkvmrwusb76nfdnkdlfjg4pw.png\" title=\"Certificate &#8211; 2024-06-11T103813.406\" alt=\"Certificate - 2024-06-11T103813.406\" loading=\"lazy\" \/>\t\t\t\t\t\t\t\t\t\t\t\t\t\t\t<\/div>\n\t\t\t\t<\/div>\n\t\t\t\t\t<\/div>\n\t\t<\/div>\n\t\t\t\t<div class=\"elementor-column elementor-col-33 elementor-top-column elementor-element elementor-element-9a5c25f\" data-id=\"9a5c25f\" data-element_type=\"column\" data-e-type=\"column\">\n\t\t\t<div class=\"elementor-widget-wrap elementor-element-populated\">\n\t\t\t\t\t\t<div class=\"elementor-element elementor-element-0b9d783 elementor-widget elementor-widget-image\" data-id=\"0b9d783\" data-element_type=\"widget\" data-e-type=\"widget\" data-widget_type=\"image.default\">\n\t\t\t\t<div class=\"elementor-widget-container\">\n\t\t\t\t\t\t\t\t\t\t\t\t\t\t\t<img decoding=\"async\" src=\"https:\/\/ekonorba.lt\/wp-content\/uploads\/elementor\/thumbs\/Certificate-2023-06-09T141855.869-qqlnxsyaerfbyoxakinj82sp1pxtn7w162c6oub7sq.jpg\" title=\"Certificate &#8211; 2023-06-09T141855.869\" alt=\"Certificate - 2023-06-09T141855.869\" loading=\"lazy\" \/>\t\t\t\t\t\t\t\t\t\t\t\t\t\t\t<\/div>\n\t\t\t\t<\/div>\n\t\t\t\t\t<\/div>\n\t\t<\/div>\n\t\t\t\t<div class=\"elementor-column elementor-col-33 elementor-top-column elementor-element elementor-element-5d7afbd\" data-id=\"5d7afbd\" data-element_type=\"column\" data-e-type=\"column\">\n\t\t\t<div class=\"elementor-widget-wrap elementor-element-populated\">\n\t\t\t\t\t\t<div class=\"elementor-element elementor-element-a8b4b1d elementor-widget elementor-widget-image\" data-id=\"a8b4b1d\" data-element_type=\"widget\" data-e-type=\"widget\" data-widget_type=\"image.default\">\n\t\t\t\t<div class=\"elementor-widget-container\">\n\t\t\t\t\t\t\t\t\t\t\t\t\t\t\t<img decoding=\"async\" src=\"https:\/\/ekonorba.lt\/wp-content\/uploads\/elementor\/thumbs\/Certificate-2023-03-15T163102.342-qqlo4a29hoafxziorbf0efz0da0uo5lgq44lpgpkxm.jpg\" title=\"Certificate &#8211; 2023-03-15T163102.342\" alt=\"Certificate - 2023-03-15T163102.342\" loading=\"lazy\" \/>\t\t\t\t\t\t\t\t\t\t\t\t\t\t\t<\/div>\n\t\t\t\t<\/div>\n\t\t\t\t\t<\/div>\n\t\t<\/div>\n\t\t\t\t\t<\/div>\n\t\t<\/section>\n\t\t\t\t<section class=\"elementor-section elementor-top-section elementor-element elementor-element-674dd68 elementor-section-boxed elementor-section-height-default elementor-section-height-default\" data-id=\"674dd68\" data-element_type=\"section\" data-e-type=\"section\">\n\t\t\t\t\t\t<div class=\"elementor-container elementor-column-gap-default\">\n\t\t\t\t\t<div class=\"elementor-column elementor-col-100 elementor-top-column elementor-element elementor-element-0b5df17\" data-id=\"0b5df17\" data-element_type=\"column\" data-e-type=\"column\">\n\t\t\t<div class=\"elementor-widget-wrap elementor-element-populated\">\n\t\t\t\t\t\t<div class=\"elementor-element elementor-element-91b47c1 elementor-widget elementor-widget-text-editor\" data-id=\"91b47c1\" data-element_type=\"widget\" data-e-type=\"widget\" data-widget_type=\"text-editor.default\">\n\t\t\t\t<div class=\"elementor-widget-container\">\n\t\t\t\t\t\t\t\t\t<p>Thank you for your trust and cooperation! We will continue to strive for the highest quality and reliability.<\/p><p>If you have any questions or would like to know more about our services, please do not hesitate to contact us. We are always here to help!<\/p><p>Sincerely,<br \/>Ekonorba, MB Team<\/p>\t\t\t\t\t\t\t\t<\/div>\n\t\t\t\t<\/div>\n\t\t\t\t\t<\/div>\n\t\t<\/div>\n\t\t\t\t\t<\/div>\n\t\t<\/section>\n\t\t\t\t<section class=\"elementor-section elementor-top-section elementor-element elementor-element-1bac198 elementor-section-boxed elementor-section-height-default elementor-section-height-default\" data-id=\"1bac198\" data-element_type=\"section\" data-e-type=\"section\" data-settings=\"{&quot;background_background&quot;:&quot;gradient&quot;}\">\n\t\t\t\t\t\t\t<div class=\"elementor-background-overlay\"><\/div>\n\t\t\t\t\t\t\t<div class=\"elementor-container elementor-column-gap-default\">\n\t\t\t\t\t<div class=\"elementor-column elementor-col-100 elementor-top-column elementor-element elementor-element-ccbc1ea\" data-id=\"ccbc1ea\" data-element_type=\"column\" data-e-type=\"column\">\n\t\t\t<div class=\"elementor-widget-wrap elementor-element-populated\">\n\t\t\t\t\t\t<section class=\"elementor-section elementor-inner-section elementor-element elementor-element-4c40fd3 elementor-section-content-middle elementor-section-boxed elementor-section-height-default elementor-section-height-default\" data-id=\"4c40fd3\" data-element_type=\"section\" data-e-type=\"section\">\n\t\t\t\t\t\t<div class=\"elementor-container elementor-column-gap-default\">\n\t\t\t\t\t<div class=\"elementor-column elementor-col-66 elementor-inner-column elementor-element elementor-element-a652ce4\" data-id=\"a652ce4\" data-element_type=\"column\" data-e-type=\"column\">\n\t\t\t<div class=\"elementor-widget-wrap elementor-element-populated\">\n\t\t\t\t\t\t<div class=\"elementor-element elementor-element-473a755 elementor-widget elementor-widget-heading\" data-id=\"473a755\" data-element_type=\"widget\" data-e-type=\"widget\" data-widget_type=\"heading.default\">\n\t\t\t\t<div class=\"elementor-widget-container\">\n\t\t\t\t\t<h2 class=\"elementor-heading-title elementor-size-default\">Still have a questions? Get in touch!<\/h2>\t\t\t\t<\/div>\n\t\t\t\t<\/div>\n\t\t\t\t\t<\/div>\n\t\t<\/div>\n\t\t\t\t<div class=\"elementor-column elementor-col-33 elementor-inner-column elementor-element elementor-element-65bab70\" data-id=\"65bab70\" data-element_type=\"column\" data-e-type=\"column\">\n\t\t\t<div class=\"elementor-widget-wrap elementor-element-populated\">\n\t\t\t\t\t\t<div class=\"elementor-element elementor-element-541908e elementor-align-center elementor-widget elementor-widget-button\" data-id=\"541908e\" data-element_type=\"widget\" data-e-type=\"widget\" data-widget_type=\"button.default\">\n\t\t\t\t<div class=\"elementor-widget-container\">\n\t\t\t\t\t\t\t\t\t<div class=\"elementor-button-wrapper\">\n\t\t\t\t\t<a class=\"elementor-button elementor-button-link elementor-size-md\" href=\"https:\/\/ekonorba.lt\/en\/kontaktai\/\">\n\t\t\t\t\t\t<span class=\"elementor-button-content-wrapper\">\n\t\t\t\t\t\t<span class=\"elementor-button-icon\">\n\t\t\t\t<i aria-hidden=\"true\" class=\"fas fa-angle-right\"><\/i>\t\t\t<\/span>\n\t\t\t\t\t\t\t\t\t<span class=\"elementor-button-text\">Send request<\/span>\n\t\t\t\t\t<\/span>\n\t\t\t\t\t<\/a>\n\t\t\t\t<\/div>\n\t\t\t\t\t\t\t\t<\/div>\n\t\t\t\t<\/div>\n\t\t\t\t\t<\/div>\n\t\t<\/div>\n\t\t\t\t\t<\/div>\n\t\t<\/section>\n\t\t\t\t\t<\/div>\n\t\t<\/div>\n\t\t\t\t\t<\/div>\n\t\t<\/section>\n\t\t\t\t<\/div>","protected":false},"excerpt":{"rendered":"<p>Stipriausi Lietuvoje 2022-2024 Ekonorba, MB &#8211; Stipriausi Lietuvoje Tre\u010dius Metus I\u0161 Eil\u0117s! Mums didel\u0117 garb\u0117 prane\u0161ti, kad jau tre\u010dius metus i\u0161 eil\u0117s \u201eEkonorba, MB\u201c yra apdovanota presti\u017einiu \u201eStipriausi Lietuvoje\u201c sertifikatu! \u0160is apdovanojimas yra ne tik didelis m\u016bs\u0173 komandos pasiekimas, bet ir patvirtinimas, kad mes esame patikima ir finansi\u0161kai stabili \u012fmon\u0117. Kas yra \u201eStipriausi Lietuvoje\u201c sertifikatas? [&hellip;]<\/p>\n","protected":false},"author":1,"featured_media":0,"parent":0,"menu_order":0,"comment_status":"closed","ping_status":"closed","template":"","meta":{"_monsterinsights_skip_tracking":false,"_monsterinsights_sitenote_active":false,"_monsterinsights_sitenote_note":"","_monsterinsights_sitenote_category":0,"site-sidebar-layout":"no-sidebar","site-content-layout":"page-builder","ast-site-content-layout":"full-width-container","site-content-style":"unboxed","site-sidebar-style":"unboxed","ast-global-header-display":"","ast-banner-title-visibility":"","ast-main-header-display":"","ast-hfb-above-header-display":"","ast-hfb-below-header-display":"","ast-hfb-mobile-header-display":"","site-post-title":"disabled","ast-breadcrumbs-content":"","ast-featured-img":"disabled","footer-sml-layout":"","theme-transparent-header-meta":"enabled","adv-header-id-meta":"","stick-header-meta":"","header-above-stick-meta":"","header-main-stick-meta":"","header-below-stick-meta":"","astra-migrate-meta-layouts":"set","ast-page-background-enabled":"default","ast-page-background-meta":{"desktop":{"background-color":"","background-image":"","background-repeat":"repeat","background-position":"center center","background-size":"auto","background-attachment":"scroll","background-type":"","background-media":"","overlay-type":"","overlay-color":"","overlay-opacity":"","overlay-gradient":""},"tablet":{"background-color":"","background-image":"","background-repeat":"repeat","background-position":"center center","background-size":"auto","background-attachment":"scroll","background-type":"","background-media":"","overlay-type":"","overlay-color":"","overlay-opacity":"","overlay-gradient":""},"mobile":{"background-color":"","background-image":"","background-repeat":"repeat","background-position":"center center","background-size":"auto","background-attachment":"scroll","background-type":"","background-media":"","overlay-type":"","overlay-color":"","overlay-opacity":"","overlay-gradient":""}},"ast-content-background-meta":{"desktop":{"background-color":"var(--ast-global-color-5)","background-image":"","background-repeat":"repeat","background-position":"center center","background-size":"auto","background-attachment":"scroll","background-type":"","background-media":"","overlay-type":"","overlay-color":"","overlay-opacity":"","overlay-gradient":""},"tablet":{"background-color":"var(--ast-global-color-5)","background-image":"","background-repeat":"repeat","background-position":"center center","background-size":"auto","background-attachment":"scroll","background-type":"","background-media":"","overlay-type":"","overlay-color":"","overlay-opacity":"","overlay-gradient":""},"mobile":{"background-color":"var(--ast-global-color-5)","background-image":"","background-repeat":"repeat","background-position":"center center","background-size":"auto","background-attachment":"scroll","background-type":"","background-media":"","overlay-type":"","overlay-color":"","overlay-opacity":"","overlay-gradient":""}},"footnotes":""},"class_list":["post-3238","page","type-page","status-publish","hentry"],"_links":{"self":[{"href":"https:\/\/ekonorba.lt\/en\/wp-json\/wp\/v2\/pages\/3238","targetHints":{"allow":["GET"]}}],"collection":[{"href":"https:\/\/ekonorba.lt\/en\/wp-json\/wp\/v2\/pages"}],"about":[{"href":"https:\/\/ekonorba.lt\/en\/wp-json\/wp\/v2\/types\/page"}],"author":[{"embeddable":true,"href":"https:\/\/ekonorba.lt\/en\/wp-json\/wp\/v2\/users\/1"}],"replies":[{"embeddable":true,"href":"https:\/\/ekonorba.lt\/en\/wp-json\/wp\/v2\/comments?post=3238"}],"version-history":[{"count":33,"href":"https:\/\/ekonorba.lt\/en\/wp-json\/wp\/v2\/pages\/3238\/revisions"}],"predecessor-version":[{"id":3281,"href":"https:\/\/ekonorba.lt\/en\/wp-json\/wp\/v2\/pages\/3238\/revisions\/3281"}],"wp:attachment":[{"href":"https:\/\/ekonorba.lt\/en\/wp-json\/wp\/v2\/media?parent=3238"}],"curies":[{"name":"wp","href":"https:\/\/api.w.org\/{rel}","templated":true}]}}